{"id":1062,"date":"2024-02-01T16:34:50","date_gmt":"2024-02-01T09:34:50","guid":{"rendered":"https:\/\/shopbanquyen.net\/?post_type=product&#038;p=1062"},"modified":"2024-12-06T15:26:32","modified_gmt":"2024-12-06T08:26:32","slug":"office-professional-plus-2019-english-apac-em-medialess-269-17070","status":"publish","type":"product","link":"https:\/\/shopbanquyen.net\/lic\/sp\/office-professional-plus-2019-english-apac-em-medialess-269-17070\/","title":{"rendered":"Office Professional Plus 2021 English APAC EM Medialess 269-17070"},"content":{"rendered":"\n\n<div class=\"kk-star-ratings kksr-auto kksr-align-left kksr-valign-top\"\n    data-payload='{&quot;align&quot;:&quot;left&quot;,&quot;id&quot;:&quot;1062&quot;,&quot;slug&quot;:&quot;default&quot;,&quot;valign&quot;:&quot;top&quot;,&quot;ignore&quot;:&quot;&quot;,&quot;reference&quot;:&quot;auto&quot;,&quot;class&quot;:&quot;&quot;,&quot;count&quot;:&quot;1&quot;,&quot;legendonly&quot;:&quot;&quot;,&quot;readonly&quot;:&quot;&quot;,&quot;score&quot;:&quot;5&quot;,&quot;starsonly&quot;:&quot;&quot;,&quot;best&quot;:&quot;5&quot;,&quot;gap&quot;:&quot;5&quot;,&quot;greet&quot;:&quot;\u0110\u00e1nh gi\u00e1 nhanh b\u00e0i vi\u1ebft&quot;,&quot;legend&quot;:&quot;5\\\/5 - (1 b\u00ecnh ch\u1ecdn)&quot;,&quot;size&quot;:&quot;24&quot;,&quot;title&quot;:&quot;Office Professional Plus 2021 English APAC EM Medialess 269-17070&quot;,&quot;width&quot;:&quot;142.5&quot;,&quot;_legend&quot;:&quot;{score}\\\/{best} - ({count} {votes})&quot;,&quot;font_factor&quot;:&quot;1.25&quot;}'>\n            \n<div class=\"kksr-stars\">\n    \n<div class=\"kksr-stars-inactive\">\n            <div class=\"kksr-star\" data-star=\"1\" style=\"padding-right: 5px\">\n            \n\n<div class=\"kksr-icon\" style=\"width: 24px; height: 24px;\"><\/div>\n        <\/div>\n            <div class=\"kksr-star\" data-star=\"2\" style=\"padding-right: 5px\">\n            \n\n<div class=\"kksr-icon\" style=\"width: 24px; height: 24px;\"><\/div>\n        <\/div>\n            <div class=\"kksr-star\" data-star=\"3\" style=\"padding-right: 5px\">\n            \n\n<div class=\"kksr-icon\" style=\"width: 24px; height: 24px;\"><\/div>\n        <\/div>\n            <div class=\"kksr-star\" data-star=\"4\" style=\"padding-right: 5px\">\n            \n\n<div class=\"kksr-icon\" style=\"width: 24px; height: 24px;\"><\/div>\n        <\/div>\n            <div class=\"kksr-star\" data-star=\"5\" style=\"padding-right: 5px\">\n            \n\n<div class=\"kksr-icon\" style=\"width: 24px; height: 24px;\"><\/div>\n        <\/div>\n    <\/div>\n    \n<div class=\"kksr-stars-active\" style=\"width: 142.5px;\">\n            <div class=\"kksr-star\" style=\"padding-right: 5px\">\n            \n\n<div class=\"kksr-icon\" style=\"width: 24px; height: 24px;\"><\/div>\n        <\/div>\n            <div class=\"kksr-star\" style=\"padding-right: 5px\">\n            \n\n<div class=\"kksr-icon\" style=\"width: 24px; height: 24px;\"><\/div>\n        <\/div>\n            <div class=\"kksr-star\" style=\"padding-right: 5px\">\n            \n\n<div class=\"kksr-icon\" style=\"width: 24px; height: 24px;\"><\/div>\n        <\/div>\n            <div class=\"kksr-star\" style=\"padding-right: 5px\">\n            \n\n<div class=\"kksr-icon\" style=\"width: 24px; height: 24px;\"><\/div>\n        <\/div>\n            <div class=\"kksr-star\" style=\"padding-right: 5px\">\n            \n\n<div class=\"kksr-icon\" style=\"width: 24px; height: 24px;\"><\/div>\n        <\/div>\n    <\/div>\n<\/div>\n                \n\n<div class=\"kksr-legend\" style=\"font-size: 19.2px;\">\n            5\/5 - (1 b\u00ecnh ch\u1ecdn)    <\/div>\n    <\/div>\n<h2><strong><span style=\"font-size: 100%;\">Office Professional Plus 2021 English APAC EM Medialess 269-17070 l\u00e0 g\u00ec?<\/span><\/strong><\/h2>\n<p><span style=\"font-size: 110%;\"><span style=\"color: #0000ff;\"><strong>Office Professional Plus 2021 English APAC EM Medialess 269-17070<\/strong><\/span> l\u00e0 m\u1ed9t phi\u00ean b\u1ea3n ph\u1ea7n m\u1ec1m v\u0103n ph\u00f2ng c\u1ee7a Microsoft Office 2021, \u0111\u01b0\u1ee3c thi\u1ebft k\u1ebf cho c\u00e1c doanh nghi\u1ec7p v\u00e0 t\u1ed5 ch\u1ee9c l\u1edbn. N\u00f3 bao g\u1ed3m c\u00e1c \u1ee9ng d\u1ee5ng nh\u01b0 Word, Excel, PowerPoint, Outlook, OneNote, Access v\u00e0 Publisher.<\/span><\/p>\n<p><span style=\"font-size: 110%;\">Phi\u00ean b\u1ea3n n\u00e0y l\u00e0 <strong><span style=\"color: #0000ff;\">phi\u00ean b\u1ea3n \u0111\u1ea7y \u0111\u1ee7 (full version) c\u1ee7a Office 2021<\/span><\/strong>, \u0111\u01b0\u1ee3c c\u00e0i \u0111\u1eb7t tr\u1ef1c ti\u1ebfp tr\u00ean m\u00e1y t\u00ednh, v\u00e0 h\u1ed7 tr\u1ee3 ng\u00f4n ng\u1eef ti\u1ebfng Anh cho c\u00e1c qu\u1ed1c gia trong khu v\u1ef1c ch\u00e2u \u00c1 &#8211; Th\u00e1i B\u00ecnh D\u01b0\u01a1ng (APAC). DM (Direct Media) c\u00f3 ngh\u0129a l\u00e0 phi\u00ean b\u1ea3n ph\u1ea7n m\u1ec1m \u0111\u01b0\u1ee3c ph\u00e2n ph\u1ed1i tr\u1ef1c ti\u1ebfp th\u00f4ng qua c\u00e1c ph\u01b0\u01a1ng ti\u1ec7n truy\u1ec1n th\u00f4ng nh\u01b0 \u0111\u0129a ho\u1eb7c USB.<\/span><\/p>\n<p><span style=\"font-size: 110%;\">Office Professional Plus 2021 cung c\u1ea5p c\u00e1c c\u00f4ng c\u1ee5 chuy\u00ean nghi\u1ec7p \u0111\u1ec3 t\u1ea1o v\u00e0 qu\u1ea3n l\u00fd t\u00e0i li\u1ec7u, b\u1ea3ng t\u00ednh, b\u00e0i thuy\u1ebft tr\u00ecnh, email v\u00e0 c\u00e1c c\u01a1 s\u1edf d\u1eef li\u1ec7u. N\u00f3 c\u0169ng cung c\u1ea5p t\u00ednh n\u0103ng b\u1ea3o m\u1eadt v\u00e0 qu\u1ea3n l\u00fd cao c\u1ea5p \u0111\u1ec3 gi\u00fap t\u1ed5 ch\u1ee9c qu\u1ea3n l\u00fd t\u00e0i nguy\u00ean th\u00f4ng tin c\u1ee7a m\u00ecnh.<\/span><\/p>\n<p><span style=\"font-size: 110%;\">Tuy nhi\u00ean, phi\u00ean b\u1ea3n n\u00e0y l\u00e0 m\u1ed9t phi\u00ean b\u1ea3n \u0111\u1eaft h\u01a1n so v\u1edbi c\u00e1c phi\u00ean b\u1ea3n kh\u00e1c c\u1ee7a Office v\u00e0 th\u01b0\u1eddng ch\u1ec9 \u0111\u01b0\u1ee3c cung c\u1ea5p cho c\u00e1c doanh nghi\u1ec7p ho\u1eb7c t\u1ed5 ch\u1ee9c c\u00f3 nhu c\u1ea7u s\u1eed d\u1ee5ng c\u00e1c t\u00ednh n\u0103ng v\u00e0 c\u00f4ng c\u1ee5 chuy\u00ean nghi\u1ec7p.<\/span><\/p>\n<h2><span style=\"font-size: 100%;\"><b>Chi ti\u1ebft s\u1ea3n ph\u1ea9m v\u00e0 Gi\u00e1 b\u00e1n B\u1ed9 Office Professional Plus 2021 English APAC EM Medialess 269-17070 b\u1ea3n quy\u1ec1n<\/b><\/span><\/h2>\n<p><span style=\"font-size: 120%;\">Ch\u00fang t\u00f4i lu\u00f4n mong mu\u1ed1n mang \u0111\u1ebfn cho qu\u00fd kh\u00e1ch h\u00e0ng <span style=\"color: #0000ff;\">s\u1ea3n ph\u1ea9m ch\u00ednh h\u00e3ng<\/span>, ph\u00f9 h\u1ee3p t\u00fai ti\u1ec1n, chi ph\u00ed r\u1ebb nh\u1ea5t. S\u1ea3n ph\u1ea9m Office Professional Plus 2021 English APAC EM Medialess 269-17070 c\u1ee7a ch\u00fang t\u00f4i bao g\u1ed3m: H\u1ed9p(B\u00ec) B\u00ean trong c\u00f3 ch\u1ee9a <b><span style=\"color: #ff0000;\">\u0111\u0129a DVD (b\u1ed9 c\u00e0i \u0111\u1eb7t Office 2021) + License Key d\u1ea1ng th\u1ebb c\u1ee9ng<\/span><\/b> ch\u1ee9a c\u00e1c th\u00f4ng tin m\u00e3 Key \u0111\u1ec3 k\u00edch ho\u1ea1t b\u1ea3n quy\u1ec1n s\u1ed1 Office 2021.<\/span><\/p>\n<p><span style=\"font-size: large;\"><img loading=\"lazy\" decoding=\"async\" class=\"aligncenter wp-image-1064 size-full\" src=\"https:\/\/shopbanquyen.net\/lic\/wp-content\/uploads\/2024\/02\/H3e7e834a92284a3e87b04df5e70ffca5F.jpg_960x960.jpg\" alt=\"\" width=\"845\" height=\"798\" srcset=\"https:\/\/shopbanquyen.net\/lic\/wp-content\/uploads\/2024\/02\/H3e7e834a92284a3e87b04df5e70ffca5F.jpg_960x960.jpg 845w, https:\/\/shopbanquyen.net\/lic\/wp-content\/uploads\/2024\/02\/H3e7e834a92284a3e87b04df5e70ffca5F.jpg_960x960-300x283.jpg 300w, https:\/\/shopbanquyen.net\/lic\/wp-content\/uploads\/2024\/02\/H3e7e834a92284a3e87b04df5e70ffca5F.jpg_960x960-768x725.jpg 768w, https:\/\/shopbanquyen.net\/lic\/wp-content\/uploads\/2024\/02\/H3e7e834a92284a3e87b04df5e70ffca5F.jpg_960x960-600x567.jpg 600w\" sizes=\"(max-width: 845px) 100vw, 845px\" \/><\/span><\/p>\n<p><span style=\"font-size: 120%;\">S\u1ea3n ph\u1ea9m c\u00f3 xu\u1ea5t x\u1ee9 t\u1eeb USA, ThaiLan ho\u1eb7c HongKong (Made in USA), <b><span style=\"color: #ff0000;\">Nguy\u00ean Seal (ch\u01b0a b\u00f3c Tem)<\/span><\/b> \u0111\u01b0\u1ee3c nh\u1eadp kh\u1ea9u t\u1eeb n\u01b0\u1edbc ngo\u00e0i. \u0110\u00e2y l\u00e0 b\u1ed9 Office 2021 c\u00f3 \u0111\u1ea7y \u0111\u1ee7 gi\u1ea5y t\u1edd h\u1ee3p ph\u00e1p, ngu\u1ed3n g\u1ed1c xu\u1ea5t x\u1ee9. \u0110\u1ea3m b\u1ea3o cho qu\u00fd kh\u00e1ch h\u00e0ng c\u00f3 th\u1ec3 \u0111\u01b0a ra \u0111\u1ec3 <b><span style=\"color: #0000ff;\">Microsoft v\u00e0 c\u00e1c c\u01a1 quan ph\u00e1p lu\u1eadt c\u00f3 th\u1ec3 ki\u1ec3m tra<\/span><\/b> khi c\u00f3 y\u00eau c\u1ea7u.<\/span><\/p>\n<p>&nbsp;<\/p>\n<p>&nbsp;<\/p>\n<p><img loading=\"lazy\" decoding=\"async\" class=\"aligncenter wp-image-1066 size-full\" src=\"https:\/\/shopbanquyen.net\/lic\/wp-content\/uploads\/2024\/02\/H81f3958e57044d61a9ea930309890f1fl.jpg_960x960.jpg\" alt=\"\" width=\"800\" height=\"960\" srcset=\"https:\/\/shopbanquyen.net\/lic\/wp-content\/uploads\/2024\/02\/H81f3958e57044d61a9ea930309890f1fl.jpg_960x960.jpg 800w, https:\/\/shopbanquyen.net\/lic\/wp-content\/uploads\/2024\/02\/H81f3958e57044d61a9ea930309890f1fl.jpg_960x960-250x300.jpg 250w, https:\/\/shopbanquyen.net\/lic\/wp-content\/uploads\/2024\/02\/H81f3958e57044d61a9ea930309890f1fl.jpg_960x960-768x922.jpg 768w, https:\/\/shopbanquyen.net\/lic\/wp-content\/uploads\/2024\/02\/H81f3958e57044d61a9ea930309890f1fl.jpg_960x960-600x720.jpg 600w\" sizes=\"(max-width: 800px) 100vw, 800px\" \/><\/p>\n<p><u><span style=\"color: #0000ff; font-size: large;\"><b>Gi\u00e1 B\u00e1n:<\/b><\/span><\/u><\/p>\n<p><span style=\"font-size: large;\">&#8211; B\u00e1n l\u1ebb: <b><span style=\"color: #ff0000;\">4,800,000 vn\u0111\/1 b\u1ed9 Office Professional Plus 2021 English APAC EM Medialess 269-17070<\/span><\/b>.<\/span><\/p>\n<p><span style=\"font-size: large;\">&#8211; B\u00e1n s\u1ec9: Gi\u1ea3m gi\u00e1 theo s\u1ed1 l\u01b0\u1ee3ng, vui l\u00f2ng li\u00ean h\u1ec7 <span style=\"color: #0000ff;\"><strong>0796.320.928 (Zalo,Viber)<\/strong><\/span> \u0111\u1ec3 bi\u1ebft chi ti\u1ebft.<\/span><\/p>\n<p><span style=\"font-size: large;\">&#8211; S\u1ea3n ph\u1ea9m c\u00f3 <span style=\"color: #0000ff;\"><b>B\u00e1o gi\u00e1, H\u1ee3p \u0111\u1ed3ng, h\u00f3a \u0111\u01a1n \u0111\u1ea7y \u0111\u1ee7<\/b><\/span>.<\/span><\/p>\n<p><span style=\"font-size: large;\">&#8211; C\u00f3 k\u1ef9 thu\u1eadt h\u1ed7 tr\u1ee3 c\u00e0i \u0111\u1eb7t t\u1eeb A-Z.<\/span><\/p>\n<p><span style=\"font-size: large;\">&#8211; S\u1ea3n ph\u1ea9m \u0111\u01b0\u1ee3c ship to\u00e0n qu\u1ed1c, kh\u00e1ch h\u00e0ng nh\u1eadn h\u00e0ng r\u1ed3i thanh to\u00e1n.<\/span><\/p>\n<p><span style=\"font-size: large;\"><b><span style=\"color: #ff0000;\">H\u00e3y li\u00ean h\u1ec7 v\u1edbi ch\u00fang t\u00f4i \u0111\u1ec3 s\u1edf h\u1eefu Office Professional Plus 2021 Win English APAC DM b\u1ea3n quy\u1ec1n v\u1edbi chi ph\u00ed r\u1ebb v\u00e0 h\u1ee3p l\u00fd nh\u1ea5t !<\/span><\/b><\/span><\/p>\n<p><span style=\"color: #ff0000;\"><span style=\"font-size: large;\"><b>Ch\u00fang t\u00f4i t\u1ef1 h\u00e0o l\u00e0 \u0110\u1ea1i l\u00fd ph\u00e2n ph\u1ed1i c\u00e1c s\u1ea3n ph\u1ea9m Microsoft ch\u00ednh th\u1ee9c t\u1ea1i Vi\u1ec7t Nam!<\/b><\/span><\/span><\/p>\n","protected":false},"excerpt":{"rendered":"<p><span style=\"font-size: 110%;\">\u2013 Office 2021 ch\u00ednh h\u00e3ng Microsoft<\/span><br \/>\n<span style=\"font-size: 110%;\">\u2013 <span style=\"color: #0000ff;\"><strong>S\u1ea3n ph\u1ea9m Full Box nguy\u00ean Seal \u2013 K\u00edch ho\u1ea1t Online<\/strong><\/span><\/span><br \/>\n<span style=\"font-size: 110%;\">\u2013 S\u1eed d\u1ee5ng 1 m\u00e1y<\/span><br \/>\n<span style=\"font-size: 110%;\">\u2013 Mua 1 l\u1ea7n d\u00f9ng v\u0129nh vi\u1ec5n<\/span><br \/>\n<span style=\"font-size: 110%;\">\u2013 <span style=\"color: #800000;\"><strong>H\u00f3a \u0111\u01a1n VAT, Gi\u1ea5y ch\u1ee9ng nh\u1eadn b\u1ea3n quy\u1ec1n Microsoft<\/strong><\/span><\/span><br \/>\n<span style=\"font-size: 110%;\">\u2013 B\u1ea3o h\u00e0nh tr\u1ecdn \u0111\u1eddi theo main m\u00e1y<\/span><br \/>\n<span style=\"font-size: 110%;\">\u2013 Ho\u00e0n ti\u1ec1n n\u1ebfu kh\u00f4ng \u0111\u00fang cam k\u1ebft<\/span><br \/>\n<span style=\"font-size: 110%;\">\u2013 <strong>Giao h\u00e0ng COD to\u00e0n qu\u1ed1c mi\u1ec5n ph\u00ed (nh\u1eadn h\u00e0ng thanh to\u00e1n)<\/strong><\/span><\/p>\n","protected":false},"featured_media":1065,"comment_status":"open","ping_status":"closed","template":"","meta":{"_sitemap_exclude":false,"_sitemap_priority":"","_sitemap_frequency":""},"product_cat":[24,32],"product_tag":[246],"yoast_head":"<!-- This site is optimized with the Yoast SEO plugin v24.5 - https:\/\/yoast.com\/wordpress\/plugins\/seo\/ -->\n<title>Office Professional Plus 2021 English APAC EM Medialess 269-17070 - Shop Key b\u1ea3n quy\u1ec1n gi\u00e1 s\u1ec9<\/title>\n<meta name=\"description\" content=\"S\u1ed1c qu\u00e1!!! Office Professional Plus 2021 English APAC EM Medialess 269-17070 b\u1ea3n quy\u1ec1n gi\u00e1 s\u1ec9, ch\u1ec9 t\u1eeb 4800k b\u1ea1n s\u1ebd s\u1edf h\u1eefu ngay 1 b\u1ea3n quy\u1ec1n Office 2021 tr\u1ecdn \u0111\u1eddi, kh\u00f4ng lo gia h\u1ea1n h\u00e0ng n\u0103m. Mua ngay th\u00f4i!\" \/>\n<meta name=\"robots\" content=\"index, follow, max-snippet:-1, max-image-preview:large, max-video-preview:-1\" \/>\n<link rel=\"canonical\" href=\"https:\/\/shopbanquyen.net\/lic\/sp\/office-professional-plus-2019-english-apac-em-medialess-269-17070\/\" \/>\n<meta property=\"og:locale\" content=\"vi_VN\" \/>\n<meta property=\"og:type\" content=\"article\" \/>\n<meta property=\"og:title\" content=\"Office Professional Plus 2021 English APAC EM Medialess 269-17070 - Shop Key b\u1ea3n quy\u1ec1n gi\u00e1 s\u1ec9\" \/>\n<meta property=\"og:description\" content=\"S\u1ed1c qu\u00e1!!! Office Professional Plus 2021 English APAC EM Medialess 269-17070 b\u1ea3n quy\u1ec1n gi\u00e1 s\u1ec9, ch\u1ec9 t\u1eeb 4800k b\u1ea1n s\u1ebd s\u1edf h\u1eefu ngay 1 b\u1ea3n quy\u1ec1n Office 2021 tr\u1ecdn \u0111\u1eddi, kh\u00f4ng lo gia h\u1ea1n h\u00e0ng n\u0103m. Mua ngay th\u00f4i!\" \/>\n<meta property=\"og:url\" content=\"https:\/\/shopbanquyen.net\/lic\/sp\/office-professional-plus-2019-english-apac-em-medialess-269-17070\/\" \/>\n<meta property=\"og:site_name\" content=\"Shop Key b\u1ea3n quy\u1ec1n gi\u00e1 s\u1ec9\" \/>\n<meta property=\"article:modified_time\" content=\"2024-12-06T08:26:32+00:00\" \/>\n<meta property=\"og:image\" content=\"https:\/\/shopbanquyen.net\/lic\/wp-content\/uploads\/2024\/02\/H339f37d07b7844979c93563d1244bd2ad.jpg_960x960.jpg\" \/>\n\t<meta property=\"og:image:width\" content=\"960\" \/>\n\t<meta property=\"og:image:height\" content=\"960\" \/>\n\t<meta property=\"og:image:type\" content=\"image\/jpeg\" \/>\n<meta name=\"twitter:card\" content=\"summary_large_image\" \/>\n<meta name=\"twitter:label1\" content=\"\u01af\u1edbc t\u00ednh th\u1eddi gian \u0111\u1ecdc\" \/>\n\t<meta name=\"twitter:data1\" content=\"4 ph\u00fat\" \/>\n<script type=\"application\/ld+json\" class=\"yoast-schema-graph\">{\"@context\":\"https:\/\/schema.org\",\"@graph\":[{\"@type\":\"WebPage\",\"@id\":\"https:\/\/shopbanquyen.net\/lic\/sp\/office-professional-plus-2019-english-apac-em-medialess-269-17070\/\",\"url\":\"https:\/\/shopbanquyen.net\/lic\/sp\/office-professional-plus-2019-english-apac-em-medialess-269-17070\/\",\"name\":\"Office Professional Plus 2021 English APAC EM Medialess 269-17070 - Shop Key b\u1ea3n quy\u1ec1n gi\u00e1 s\u1ec9\",\"isPartOf\":{\"@id\":\"https:\/\/shopbanquyen.net\/lic\/#website\"},\"primaryImageOfPage\":{\"@id\":\"https:\/\/shopbanquyen.net\/lic\/sp\/office-professional-plus-2019-english-apac-em-medialess-269-17070\/#primaryimage\"},\"image\":{\"@id\":\"https:\/\/shopbanquyen.net\/lic\/sp\/office-professional-plus-2019-english-apac-em-medialess-269-17070\/#primaryimage\"},\"thumbnailUrl\":\"https:\/\/shopbanquyen.net\/lic\/wp-content\/uploads\/2024\/02\/H339f37d07b7844979c93563d1244bd2ad.jpg_960x960.jpg\",\"datePublished\":\"2024-02-01T09:34:50+00:00\",\"dateModified\":\"2024-12-06T08:26:32+00:00\",\"description\":\"S\u1ed1c qu\u00e1!!! Office Professional Plus 2021 English APAC EM Medialess 269-17070 b\u1ea3n quy\u1ec1n gi\u00e1 s\u1ec9, ch\u1ec9 t\u1eeb 4800k b\u1ea1n s\u1ebd s\u1edf h\u1eefu ngay 1 b\u1ea3n quy\u1ec1n Office 2021 tr\u1ecdn \u0111\u1eddi, kh\u00f4ng lo gia h\u1ea1n h\u00e0ng n\u0103m. Mua ngay th\u00f4i!\",\"breadcrumb\":{\"@id\":\"https:\/\/shopbanquyen.net\/lic\/sp\/office-professional-plus-2019-english-apac-em-medialess-269-17070\/#breadcrumb\"},\"inLanguage\":\"vi\",\"potentialAction\":[{\"@type\":\"ReadAction\",\"target\":[\"https:\/\/shopbanquyen.net\/lic\/sp\/office-professional-plus-2019-english-apac-em-medialess-269-17070\/\"]}]},{\"@type\":\"ImageObject\",\"inLanguage\":\"vi\",\"@id\":\"https:\/\/shopbanquyen.net\/lic\/sp\/office-professional-plus-2019-english-apac-em-medialess-269-17070\/#primaryimage\",\"url\":\"https:\/\/shopbanquyen.net\/lic\/wp-content\/uploads\/2024\/02\/H339f37d07b7844979c93563d1244bd2ad.jpg_960x960.jpg\",\"contentUrl\":\"https:\/\/shopbanquyen.net\/lic\/wp-content\/uploads\/2024\/02\/H339f37d07b7844979c93563d1244bd2ad.jpg_960x960.jpg\",\"width\":960,\"height\":960},{\"@type\":\"BreadcrumbList\",\"@id\":\"https:\/\/shopbanquyen.net\/lic\/sp\/office-professional-plus-2019-english-apac-em-medialess-269-17070\/#breadcrumb\",\"itemListElement\":[{\"@type\":\"ListItem\",\"position\":1,\"name\":\"Trang ch\u1ee7\",\"item\":\"https:\/\/shopbanquyen.net\/lic\/\"},{\"@type\":\"ListItem\",\"position\":2,\"name\":\"C\u1eeda h\u00e0ng\",\"item\":\"https:\/\/shopbanquyen.net\/lic\/cua-hang\/\"},{\"@type\":\"ListItem\",\"position\":3,\"name\":\"Office Professional Plus 2021 English APAC EM Medialess 269-17070\"}]},{\"@type\":\"WebSite\",\"@id\":\"https:\/\/shopbanquyen.net\/lic\/#website\",\"url\":\"https:\/\/shopbanquyen.net\/lic\/\",\"name\":\"Shop Key b\u1ea3n quy\u1ec1n gi\u00e1 s\u1ec9\",\"description\":\"\u2705 Cung c\u1ea5p KEY Windows 11, 10, 8.1, 7, key Office 2021, 2019, 2016, 2013, 2010 \u2705 Key windows Server 2012, 2016, 2019, 2022 \u2705 key ph\u1ea7n m\u1ec1m di\u1ec7t virus Kaspersky gi\u00e1 s\u1ec9 r\u1ebb nh\u1ea5t to\u00e0n qu\u1ed1c. \u1ed4n \u0111\u1ecbnh gi\u00e1 ch\u1ec9 t\u1eeb 90k. Mua key b\u1ea3n quy\u1ec1n \u1edf \u0111\u00e2u uy t\u00edn gi\u00e1 r\u1ebb t\u1ea1i shopbanquyen.net\",\"publisher\":{\"@id\":\"https:\/\/shopbanquyen.net\/lic\/#\/schema\/person\/5bc8ac16331f90b449d610535f16bbe3\"},\"potentialAction\":[{\"@type\":\"SearchAction\",\"target\":{\"@type\":\"EntryPoint\",\"urlTemplate\":\"https:\/\/shopbanquyen.net\/lic\/?s={search_term_string}\"},\"query-input\":{\"@type\":\"PropertyValueSpecification\",\"valueRequired\":true,\"valueName\":\"search_term_string\"}}],\"inLanguage\":\"vi\"},{\"@type\":[\"Person\",\"Organization\"],\"@id\":\"https:\/\/shopbanquyen.net\/lic\/#\/schema\/person\/5bc8ac16331f90b449d610535f16bbe3\",\"name\":\"admin\",\"image\":{\"@type\":\"ImageObject\",\"inLanguage\":\"vi\",\"@id\":\"https:\/\/shopbanquyen.net\/lic\/#\/schema\/person\/image\/\",\"url\":\"https:\/\/shopbanquyen.net\/lic\/wp-content\/uploads\/2023\/03\/yellow-key-5a5d2aced92b090036cbe805-1.png\",\"contentUrl\":\"https:\/\/shopbanquyen.net\/lic\/wp-content\/uploads\/2023\/03\/yellow-key-5a5d2aced92b090036cbe805-1.png\",\"width\":768,\"height\":512,\"caption\":\"admin\"},\"logo\":{\"@id\":\"https:\/\/shopbanquyen.net\/lic\/#\/schema\/person\/image\/\"}}]}<\/script>\n<!-- \/ Yoast SEO plugin. -->","yoast_head_json":{"title":"Office Professional Plus 2021 English APAC EM Medialess 269-17070 - Shop Key b\u1ea3n quy\u1ec1n gi\u00e1 s\u1ec9","description":"S\u1ed1c qu\u00e1!!! Office Professional Plus 2021 English APAC EM Medialess 269-17070 b\u1ea3n quy\u1ec1n gi\u00e1 s\u1ec9, ch\u1ec9 t\u1eeb 4800k b\u1ea1n s\u1ebd s\u1edf h\u1eefu ngay 1 b\u1ea3n quy\u1ec1n Office 2021 tr\u1ecdn \u0111\u1eddi, kh\u00f4ng lo gia h\u1ea1n h\u00e0ng n\u0103m. Mua ngay th\u00f4i!","robots":{"index":"index","follow":"follow","max-snippet":"max-snippet:-1","max-image-preview":"max-image-preview:large","max-video-preview":"max-video-preview:-1"},"canonical":"https:\/\/shopbanquyen.net\/lic\/sp\/office-professional-plus-2019-english-apac-em-medialess-269-17070\/","og_locale":"vi_VN","og_type":"article","og_title":"Office Professional Plus 2021 English APAC EM Medialess 269-17070 - Shop Key b\u1ea3n quy\u1ec1n gi\u00e1 s\u1ec9","og_description":"S\u1ed1c qu\u00e1!!! Office Professional Plus 2021 English APAC EM Medialess 269-17070 b\u1ea3n quy\u1ec1n gi\u00e1 s\u1ec9, ch\u1ec9 t\u1eeb 4800k b\u1ea1n s\u1ebd s\u1edf h\u1eefu ngay 1 b\u1ea3n quy\u1ec1n Office 2021 tr\u1ecdn \u0111\u1eddi, kh\u00f4ng lo gia h\u1ea1n h\u00e0ng n\u0103m. Mua ngay th\u00f4i!","og_url":"https:\/\/shopbanquyen.net\/lic\/sp\/office-professional-plus-2019-english-apac-em-medialess-269-17070\/","og_site_name":"Shop Key b\u1ea3n quy\u1ec1n gi\u00e1 s\u1ec9","article_modified_time":"2024-12-06T08:26:32+00:00","og_image":[{"width":960,"height":960,"url":"https:\/\/shopbanquyen.net\/lic\/wp-content\/uploads\/2024\/02\/H339f37d07b7844979c93563d1244bd2ad.jpg_960x960.jpg","type":"image\/jpeg"}],"twitter_card":"summary_large_image","twitter_misc":{"\u01af\u1edbc t\u00ednh th\u1eddi gian \u0111\u1ecdc":"4 ph\u00fat"},"schema":{"@context":"https:\/\/schema.org","@graph":[{"@type":"WebPage","@id":"https:\/\/shopbanquyen.net\/lic\/sp\/office-professional-plus-2019-english-apac-em-medialess-269-17070\/","url":"https:\/\/shopbanquyen.net\/lic\/sp\/office-professional-plus-2019-english-apac-em-medialess-269-17070\/","name":"Office Professional Plus 2021 English APAC EM Medialess 269-17070 - Shop Key b\u1ea3n quy\u1ec1n gi\u00e1 s\u1ec9","isPartOf":{"@id":"https:\/\/shopbanquyen.net\/lic\/#website"},"primaryImageOfPage":{"@id":"https:\/\/shopbanquyen.net\/lic\/sp\/office-professional-plus-2019-english-apac-em-medialess-269-17070\/#primaryimage"},"image":{"@id":"https:\/\/shopbanquyen.net\/lic\/sp\/office-professional-plus-2019-english-apac-em-medialess-269-17070\/#primaryimage"},"thumbnailUrl":"https:\/\/shopbanquyen.net\/lic\/wp-content\/uploads\/2024\/02\/H339f37d07b7844979c93563d1244bd2ad.jpg_960x960.jpg","datePublished":"2024-02-01T09:34:50+00:00","dateModified":"2024-12-06T08:26:32+00:00","description":"S\u1ed1c qu\u00e1!!! Office Professional Plus 2021 English APAC EM Medialess 269-17070 b\u1ea3n quy\u1ec1n gi\u00e1 s\u1ec9, ch\u1ec9 t\u1eeb 4800k b\u1ea1n s\u1ebd s\u1edf h\u1eefu ngay 1 b\u1ea3n quy\u1ec1n Office 2021 tr\u1ecdn \u0111\u1eddi, kh\u00f4ng lo gia h\u1ea1n h\u00e0ng n\u0103m. Mua ngay th\u00f4i!","breadcrumb":{"@id":"https:\/\/shopbanquyen.net\/lic\/sp\/office-professional-plus-2019-english-apac-em-medialess-269-17070\/#breadcrumb"},"inLanguage":"vi","potentialAction":[{"@type":"ReadAction","target":["https:\/\/shopbanquyen.net\/lic\/sp\/office-professional-plus-2019-english-apac-em-medialess-269-17070\/"]}]},{"@type":"ImageObject","inLanguage":"vi","@id":"https:\/\/shopbanquyen.net\/lic\/sp\/office-professional-plus-2019-english-apac-em-medialess-269-17070\/#primaryimage","url":"https:\/\/shopbanquyen.net\/lic\/wp-content\/uploads\/2024\/02\/H339f37d07b7844979c93563d1244bd2ad.jpg_960x960.jpg","contentUrl":"https:\/\/shopbanquyen.net\/lic\/wp-content\/uploads\/2024\/02\/H339f37d07b7844979c93563d1244bd2ad.jpg_960x960.jpg","width":960,"height":960},{"@type":"BreadcrumbList","@id":"https:\/\/shopbanquyen.net\/lic\/sp\/office-professional-plus-2019-english-apac-em-medialess-269-17070\/#breadcrumb","itemListElement":[{"@type":"ListItem","position":1,"name":"Trang ch\u1ee7","item":"https:\/\/shopbanquyen.net\/lic\/"},{"@type":"ListItem","position":2,"name":"C\u1eeda h\u00e0ng","item":"https:\/\/shopbanquyen.net\/lic\/cua-hang\/"},{"@type":"ListItem","position":3,"name":"Office Professional Plus 2021 English APAC EM Medialess 269-17070"}]},{"@type":"WebSite","@id":"https:\/\/shopbanquyen.net\/lic\/#website","url":"https:\/\/shopbanquyen.net\/lic\/","name":"Shop Key b\u1ea3n quy\u1ec1n gi\u00e1 s\u1ec9","description":"\u2705 Cung c\u1ea5p KEY Windows 11, 10, 8.1, 7, key Office 2021, 2019, 2016, 2013, 2010 \u2705 Key windows Server 2012, 2016, 2019, 2022 \u2705 key ph\u1ea7n m\u1ec1m di\u1ec7t virus Kaspersky gi\u00e1 s\u1ec9 r\u1ebb nh\u1ea5t to\u00e0n qu\u1ed1c. \u1ed4n \u0111\u1ecbnh gi\u00e1 ch\u1ec9 t\u1eeb 90k. Mua key b\u1ea3n quy\u1ec1n \u1edf \u0111\u00e2u uy t\u00edn gi\u00e1 r\u1ebb t\u1ea1i shopbanquyen.net","publisher":{"@id":"https:\/\/shopbanquyen.net\/lic\/#\/schema\/person\/5bc8ac16331f90b449d610535f16bbe3"},"potentialAction":[{"@type":"SearchAction","target":{"@type":"EntryPoint","urlTemplate":"https:\/\/shopbanquyen.net\/lic\/?s={search_term_string}"},"query-input":{"@type":"PropertyValueSpecification","valueRequired":true,"valueName":"search_term_string"}}],"inLanguage":"vi"},{"@type":["Person","Organization"],"@id":"https:\/\/shopbanquyen.net\/lic\/#\/schema\/person\/5bc8ac16331f90b449d610535f16bbe3","name":"admin","image":{"@type":"ImageObject","inLanguage":"vi","@id":"https:\/\/shopbanquyen.net\/lic\/#\/schema\/person\/image\/","url":"https:\/\/shopbanquyen.net\/lic\/wp-content\/uploads\/2023\/03\/yellow-key-5a5d2aced92b090036cbe805-1.png","contentUrl":"https:\/\/shopbanquyen.net\/lic\/wp-content\/uploads\/2023\/03\/yellow-key-5a5d2aced92b090036cbe805-1.png","width":768,"height":512,"caption":"admin"},"logo":{"@id":"https:\/\/shopbanquyen.net\/lic\/#\/schema\/person\/image\/"}}]}},"_links":{"self":[{"href":"https:\/\/shopbanquyen.net\/lic\/wp-json\/wp\/v2\/product\/1062"}],"collection":[{"href":"https:\/\/shopbanquyen.net\/lic\/wp-json\/wp\/v2\/product"}],"about":[{"href":"https:\/\/shopbanquyen.net\/lic\/wp-json\/wp\/v2\/types\/product"}],"replies":[{"embeddable":true,"href":"https:\/\/shopbanquyen.net\/lic\/wp-json\/wp\/v2\/comments?post=1062"}],"wp:featuredmedia":[{"embeddable":true,"href":"https:\/\/shopbanquyen.net\/lic\/wp-json\/wp\/v2\/media\/1065"}],"wp:attachment":[{"href":"https:\/\/shopbanquyen.net\/lic\/wp-json\/wp\/v2\/media?parent=1062"}],"wp:term":[{"taxonomy":"product_cat","embeddable":true,"href":"https:\/\/shopbanquyen.net\/lic\/wp-json\/wp\/v2\/product_cat?post=1062"},{"taxonomy":"product_tag","embeddable":true,"href":"https:\/\/shopbanquyen.net\/lic\/wp-json\/wp\/v2\/product_tag?post=1062"}],"curies":[{"name":"wp","href":"https:\/\/api.w.org\/{rel}","templated":true}]}}