{"id":38,"date":"2023-02-13T03:31:01","date_gmt":"2023-02-13T03:31:01","guid":{"rendered":"http:\/\/keybanquyengiasi.com\/cameradinhvi\/?page_id=38"},"modified":"2023-04-10T08:19:35","modified_gmt":"2023-04-10T01:19:35","slug":"chinh-sach-bao-hanh","status":"publish","type":"page","link":"https:\/\/shopbanquyen.net\/lic\/chinh-sach-bao-hanh\/","title":{"rendered":"CH\u00cdNH S\u00c1CH B\u1ea2O H\u00c0NH"},"content":{"rendered":"<h1><strong>CH\u00cdNH S\u00c1CH B\u1ea2O H\u00c0NH<\/strong><\/h1>\n<p><span style=\"text-decoration: underline; color: #0000ff;\"><strong><span style=\"font-size: 120%;\">1. \u00c1p d\u1ee5ng v\u1edbi \u0111\u01a1n h\u00e0ng Online<\/span><\/strong><\/span><\/p>\n<p><span style=\"font-size: 110%;\">&#8211; \u0110\u1ed5i m\u1edbi s\u1ea3n ph\u1ea9m ngay l\u1eadp t\u1ee9c n\u1ebfu s\u1ea3n ph\u1ea9m g\u1eb7p l\u1ed7i.<\/span><\/p>\n<p><span style=\"text-decoration: underline; font-size: 120%; color: #0000ff;\"><strong>2. \u00c1p d\u1ee5ng v\u1edbi \u0111\u01a1n h\u00e0ng COD:<\/strong><\/span><span style=\"font-size: 120%; color: #0000ff;\"><strong> ch\u1ec9 \u00e1p d\u1ee5ng v\u1edbi s\u1ea3n ph\u1ea9m Full Box<\/strong><\/span><\/p>\n<p><span style=\"font-size: 110%;\">Qu\u00fd kh\u00e1ch h\u00e0ng g\u1eedi s\u1ea3n ph\u1ea9m l\u1ed7i v\u1ec1 \u0111\u1ecba ch\u1ec9 c\u00f4ng ty, sau \u0111\u00f3 qu\u00fd kh\u00e1ch s\u1ebd \u0111\u01b0\u1ee3c c\u00f4ng ty g\u1eedi s\u1ea3n ph\u1ea9m m\u1edbi \u0111\u1ec3 b\u1ea3o h\u00e0nh.<\/span><\/p>\n<p><span style=\"text-decoration: underline; color: #0000ff; font-size: 120%;\"><strong>3. Ch\u00ednh s\u00e1ch b\u1ea3o h\u00e0nh chung<\/strong><\/span><\/p>\n<blockquote><p><span style=\"font-size: 110%;\">B\u1ea3o h\u00e0nh tr\u1ecdn \u0111\u1eddi s\u1ea3n ph\u1ea9m theo Main m\u00e1y v\u1edbi c\u00e1c s\u1ea3n ph\u1ea9m quy \u0111\u1ecbnh ch\u1ec9 d\u00f9ng 1 m\u00e1y.<\/span><\/p>\n<p><span style=\"font-size: 110%;\">B\u1ea3o h\u00e0nh tr\u1ecdn \u0111\u1eddi s\u1ea3n ph\u1ea9m \u0111\u1ed1i v\u1edbi c\u00e1c s\u1ea3n ph\u1ea9m quy \u0111\u1ecbnh c\u00f3 th\u1ec3 chuy\u1ec3n m\u00e1y.<\/span><\/p>\n<p><span style=\"font-size: 110%;\">B\u1ea3o h\u00e0nh s\u1ea3n ph\u1ea9m theo th\u1eddi h\u1ea1n 1 n\u0103m v\u1edbi c\u00e1c s\u1ea3n ph\u1ea9m c\u00f3 th\u1eddi h\u1ea1n.<\/span><\/p><\/blockquote>\n<p>&nbsp;<\/p>\n","protected":false},"excerpt":{"rendered":"<p>CH\u00cdNH S\u00c1CH B\u1ea2O H\u00c0NH 1. \u00c1p d\u1ee5ng v\u1edbi \u0111\u01a1n h\u00e0ng Online &#8211; \u0110\u1ed5i m\u1edbi s\u1ea3n ph\u1ea9m ngay l\u1eadp t\u1ee9c n\u1ebfu s\u1ea3n ph\u1ea9m g\u1eb7p l\u1ed7i. 2. \u00c1p d\u1ee5ng v\u1edbi \u0111\u01a1n h\u00e0ng COD: ch\u1ec9 \u00e1p d\u1ee5ng v\u1edbi s\u1ea3n ph\u1ea9m Full Box Qu\u00fd kh\u00e1ch h\u00e0ng g\u1eedi s\u1ea3n ph\u1ea9m l\u1ed7i v\u1ec1 \u0111\u1ecba ch\u1ec9 c\u00f4ng ty, sau \u0111\u00f3 qu\u00fd kh\u00e1ch&#8230;<\/p>\n","protected":false},"author":1,"featured_media":0,"parent":0,"menu_order":0,"comment_status":"closed","ping_status":"closed","template":"","meta":{"_sitemap_exclude":false,"_sitemap_priority":"","_sitemap_frequency":"","footnotes":""},"yoast_head":"<!-- This site is optimized with the Yoast SEO plugin v24.5 - https:\/\/yoast.com\/wordpress\/plugins\/seo\/ -->\n<title>CH\u00cdNH S\u00c1CH B\u1ea2O H\u00c0NH - Shop Key b\u1ea3n quy\u1ec1n gi\u00e1 s\u1ec9<\/title>\n<meta name=\"robots\" content=\"index, follow, max-snippet:-1, max-image-preview:large, max-video-preview:-1\" \/>\n<link rel=\"canonical\" href=\"https:\/\/shopbanquyen.net\/lic\/chinh-sach-bao-hanh\/\" \/>\n<meta property=\"og:locale\" content=\"vi_VN\" \/>\n<meta property=\"og:type\" content=\"article\" \/>\n<meta property=\"og:title\" content=\"CH\u00cdNH S\u00c1CH B\u1ea2O H\u00c0NH - Shop Key b\u1ea3n quy\u1ec1n gi\u00e1 s\u1ec9\" \/>\n<meta property=\"og:description\" content=\"CH\u00cdNH S\u00c1CH B\u1ea2O H\u00c0NH 1. \u00c1p d\u1ee5ng v\u1edbi \u0111\u01a1n h\u00e0ng Online &#8211; \u0110\u1ed5i m\u1edbi s\u1ea3n ph\u1ea9m ngay l\u1eadp t\u1ee9c n\u1ebfu s\u1ea3n ph\u1ea9m g\u1eb7p l\u1ed7i. 2. \u00c1p d\u1ee5ng v\u1edbi \u0111\u01a1n h\u00e0ng COD: ch\u1ec9 \u00e1p d\u1ee5ng v\u1edbi s\u1ea3n ph\u1ea9m Full Box Qu\u00fd kh\u00e1ch h\u00e0ng g\u1eedi s\u1ea3n ph\u1ea9m l\u1ed7i v\u1ec1 \u0111\u1ecba ch\u1ec9 c\u00f4ng ty, sau \u0111\u00f3 qu\u00fd kh\u00e1ch...\" \/>\n<meta property=\"og:url\" content=\"https:\/\/shopbanquyen.net\/lic\/chinh-sach-bao-hanh\/\" \/>\n<meta property=\"og:site_name\" content=\"Shop Key b\u1ea3n quy\u1ec1n gi\u00e1 s\u1ec9\" \/>\n<meta property=\"article:modified_time\" content=\"2023-04-10T01:19:35+00:00\" \/>\n<meta name=\"twitter:card\" content=\"summary_large_image\" \/>\n<meta name=\"twitter:label1\" content=\"\u01af\u1edbc t\u00ednh th\u1eddi gian \u0111\u1ecdc\" \/>\n\t<meta name=\"twitter:data1\" content=\"1 ph\u00fat\" \/>\n<script type=\"application\/ld+json\" class=\"yoast-schema-graph\">{\"@context\":\"https:\/\/schema.org\",\"@graph\":[{\"@type\":\"WebPage\",\"@id\":\"https:\/\/shopbanquyen.net\/lic\/chinh-sach-bao-hanh\/\",\"url\":\"https:\/\/shopbanquyen.net\/lic\/chinh-sach-bao-hanh\/\",\"name\":\"CH\u00cdNH S\u00c1CH B\u1ea2O H\u00c0NH - Shop Key b\u1ea3n quy\u1ec1n gi\u00e1 s\u1ec9\",\"isPartOf\":{\"@id\":\"https:\/\/shopbanquyen.net\/lic\/#website\"},\"datePublished\":\"2023-02-13T03:31:01+00:00\",\"dateModified\":\"2023-04-10T01:19:35+00:00\",\"breadcrumb\":{\"@id\":\"https:\/\/shopbanquyen.net\/lic\/chinh-sach-bao-hanh\/#breadcrumb\"},\"inLanguage\":\"vi\",\"potentialAction\":[{\"@type\":\"ReadAction\",\"target\":[\"https:\/\/shopbanquyen.net\/lic\/chinh-sach-bao-hanh\/\"]}]},{\"@type\":\"BreadcrumbList\",\"@id\":\"https:\/\/shopbanquyen.net\/lic\/chinh-sach-bao-hanh\/#breadcrumb\",\"itemListElement\":[{\"@type\":\"ListItem\",\"position\":1,\"name\":\"Trang ch\u1ee7\",\"item\":\"https:\/\/shopbanquyen.net\/lic\/\"},{\"@type\":\"ListItem\",\"position\":2,\"name\":\"CH\u00cdNH S\u00c1CH B\u1ea2O H\u00c0NH\"}]},{\"@type\":\"WebSite\",\"@id\":\"https:\/\/shopbanquyen.net\/lic\/#website\",\"url\":\"https:\/\/shopbanquyen.net\/lic\/\",\"name\":\"Shop Key b\u1ea3n quy\u1ec1n gi\u00e1 s\u1ec9\",\"description\":\"\u2705 Cung c\u1ea5p KEY Windows 11, 10, 8.1, 7, key Office 2021, 2019, 2016, 2013, 2010 \u2705 Key windows Server 2012, 2016, 2019, 2022 \u2705 key ph\u1ea7n m\u1ec1m di\u1ec7t virus Kaspersky gi\u00e1 s\u1ec9 r\u1ebb nh\u1ea5t to\u00e0n qu\u1ed1c. \u1ed4n \u0111\u1ecbnh gi\u00e1 ch\u1ec9 t\u1eeb 90k. Mua key b\u1ea3n quy\u1ec1n \u1edf \u0111\u00e2u uy t\u00edn gi\u00e1 r\u1ebb t\u1ea1i shopbanquyen.net\",\"publisher\":{\"@id\":\"https:\/\/shopbanquyen.net\/lic\/#\/schema\/person\/5bc8ac16331f90b449d610535f16bbe3\"},\"potentialAction\":[{\"@type\":\"SearchAction\",\"target\":{\"@type\":\"EntryPoint\",\"urlTemplate\":\"https:\/\/shopbanquyen.net\/lic\/?s={search_term_string}\"},\"query-input\":{\"@type\":\"PropertyValueSpecification\",\"valueRequired\":true,\"valueName\":\"search_term_string\"}}],\"inLanguage\":\"vi\"},{\"@type\":[\"Person\",\"Organization\"],\"@id\":\"https:\/\/shopbanquyen.net\/lic\/#\/schema\/person\/5bc8ac16331f90b449d610535f16bbe3\",\"name\":\"admin\",\"image\":{\"@type\":\"ImageObject\",\"inLanguage\":\"vi\",\"@id\":\"https:\/\/shopbanquyen.net\/lic\/#\/schema\/person\/image\/\",\"url\":\"https:\/\/shopbanquyen.net\/lic\/wp-content\/uploads\/2023\/03\/yellow-key-5a5d2aced92b090036cbe805-1.png\",\"contentUrl\":\"https:\/\/shopbanquyen.net\/lic\/wp-content\/uploads\/2023\/03\/yellow-key-5a5d2aced92b090036cbe805-1.png\",\"width\":768,\"height\":512,\"caption\":\"admin\"},\"logo\":{\"@id\":\"https:\/\/shopbanquyen.net\/lic\/#\/schema\/person\/image\/\"}}]}<\/script>\n<!-- \/ Yoast SEO plugin. -->","yoast_head_json":{"title":"CH\u00cdNH S\u00c1CH B\u1ea2O H\u00c0NH - Shop Key b\u1ea3n quy\u1ec1n gi\u00e1 s\u1ec9","robots":{"index":"index","follow":"follow","max-snippet":"max-snippet:-1","max-image-preview":"max-image-preview:large","max-video-preview":"max-video-preview:-1"},"canonical":"https:\/\/shopbanquyen.net\/lic\/chinh-sach-bao-hanh\/","og_locale":"vi_VN","og_type":"article","og_title":"CH\u00cdNH S\u00c1CH B\u1ea2O H\u00c0NH - Shop Key b\u1ea3n quy\u1ec1n gi\u00e1 s\u1ec9","og_description":"CH\u00cdNH S\u00c1CH B\u1ea2O H\u00c0NH 1. \u00c1p d\u1ee5ng v\u1edbi \u0111\u01a1n h\u00e0ng Online &#8211; \u0110\u1ed5i m\u1edbi s\u1ea3n ph\u1ea9m ngay l\u1eadp t\u1ee9c n\u1ebfu s\u1ea3n ph\u1ea9m g\u1eb7p l\u1ed7i. 2. \u00c1p d\u1ee5ng v\u1edbi \u0111\u01a1n h\u00e0ng COD: ch\u1ec9 \u00e1p d\u1ee5ng v\u1edbi s\u1ea3n ph\u1ea9m Full Box Qu\u00fd kh\u00e1ch h\u00e0ng g\u1eedi s\u1ea3n ph\u1ea9m l\u1ed7i v\u1ec1 \u0111\u1ecba ch\u1ec9 c\u00f4ng ty, sau \u0111\u00f3 qu\u00fd kh\u00e1ch...","og_url":"https:\/\/shopbanquyen.net\/lic\/chinh-sach-bao-hanh\/","og_site_name":"Shop Key b\u1ea3n quy\u1ec1n gi\u00e1 s\u1ec9","article_modified_time":"2023-04-10T01:19:35+00:00","twitter_card":"summary_large_image","twitter_misc":{"\u01af\u1edbc t\u00ednh th\u1eddi gian \u0111\u1ecdc":"1 ph\u00fat"},"schema":{"@context":"https:\/\/schema.org","@graph":[{"@type":"WebPage","@id":"https:\/\/shopbanquyen.net\/lic\/chinh-sach-bao-hanh\/","url":"https:\/\/shopbanquyen.net\/lic\/chinh-sach-bao-hanh\/","name":"CH\u00cdNH S\u00c1CH B\u1ea2O H\u00c0NH - Shop Key b\u1ea3n quy\u1ec1n gi\u00e1 s\u1ec9","isPartOf":{"@id":"https:\/\/shopbanquyen.net\/lic\/#website"},"datePublished":"2023-02-13T03:31:01+00:00","dateModified":"2023-04-10T01:19:35+00:00","breadcrumb":{"@id":"https:\/\/shopbanquyen.net\/lic\/chinh-sach-bao-hanh\/#breadcrumb"},"inLanguage":"vi","potentialAction":[{"@type":"ReadAction","target":["https:\/\/shopbanquyen.net\/lic\/chinh-sach-bao-hanh\/"]}]},{"@type":"BreadcrumbList","@id":"https:\/\/shopbanquyen.net\/lic\/chinh-sach-bao-hanh\/#breadcrumb","itemListElement":[{"@type":"ListItem","position":1,"name":"Trang ch\u1ee7","item":"https:\/\/shopbanquyen.net\/lic\/"},{"@type":"ListItem","position":2,"name":"CH\u00cdNH S\u00c1CH B\u1ea2O H\u00c0NH"}]},{"@type":"WebSite","@id":"https:\/\/shopbanquyen.net\/lic\/#website","url":"https:\/\/shopbanquyen.net\/lic\/","name":"Shop Key b\u1ea3n quy\u1ec1n gi\u00e1 s\u1ec9","description":"\u2705 Cung c\u1ea5p KEY Windows 11, 10, 8.1, 7, key Office 2021, 2019, 2016, 2013, 2010 \u2705 Key windows Server 2012, 2016, 2019, 2022 \u2705 key ph\u1ea7n m\u1ec1m di\u1ec7t virus Kaspersky gi\u00e1 s\u1ec9 r\u1ebb nh\u1ea5t to\u00e0n qu\u1ed1c. \u1ed4n \u0111\u1ecbnh gi\u00e1 ch\u1ec9 t\u1eeb 90k. Mua key b\u1ea3n quy\u1ec1n \u1edf \u0111\u00e2u uy t\u00edn gi\u00e1 r\u1ebb t\u1ea1i shopbanquyen.net","publisher":{"@id":"https:\/\/shopbanquyen.net\/lic\/#\/schema\/person\/5bc8ac16331f90b449d610535f16bbe3"},"potentialAction":[{"@type":"SearchAction","target":{"@type":"EntryPoint","urlTemplate":"https:\/\/shopbanquyen.net\/lic\/?s={search_term_string}"},"query-input":{"@type":"PropertyValueSpecification","valueRequired":true,"valueName":"search_term_string"}}],"inLanguage":"vi"},{"@type":["Person","Organization"],"@id":"https:\/\/shopbanquyen.net\/lic\/#\/schema\/person\/5bc8ac16331f90b449d610535f16bbe3","name":"admin","image":{"@type":"ImageObject","inLanguage":"vi","@id":"https:\/\/shopbanquyen.net\/lic\/#\/schema\/person\/image\/","url":"https:\/\/shopbanquyen.net\/lic\/wp-content\/uploads\/2023\/03\/yellow-key-5a5d2aced92b090036cbe805-1.png","contentUrl":"https:\/\/shopbanquyen.net\/lic\/wp-content\/uploads\/2023\/03\/yellow-key-5a5d2aced92b090036cbe805-1.png","width":768,"height":512,"caption":"admin"},"logo":{"@id":"https:\/\/shopbanquyen.net\/lic\/#\/schema\/person\/image\/"}}]}},"_links":{"self":[{"href":"https:\/\/shopbanquyen.net\/lic\/wp-json\/wp\/v2\/pages\/38"}],"collection":[{"href":"https:\/\/shopbanquyen.net\/lic\/wp-json\/wp\/v2\/pages"}],"about":[{"href":"https:\/\/shopbanquyen.net\/lic\/wp-json\/wp\/v2\/types\/page"}],"author":[{"embeddable":true,"href":"https:\/\/shopbanquyen.net\/lic\/wp-json\/wp\/v2\/users\/1"}],"replies":[{"embeddable":true,"href":"https:\/\/shopbanquyen.net\/lic\/wp-json\/wp\/v2\/comments?post=38"}],"version-history":[{"count":4,"href":"https:\/\/shopbanquyen.net\/lic\/wp-json\/wp\/v2\/pages\/38\/revisions"}],"predecessor-version":[{"id":377,"href":"https:\/\/shopbanquyen.net\/lic\/wp-json\/wp\/v2\/pages\/38\/revisions\/377"}],"wp:attachment":[{"href":"https:\/\/shopbanquyen.net\/lic\/wp-json\/wp\/v2\/media?parent=38"}],"curies":[{"name":"wp","href":"https:\/\/api.w.org\/{rel}","templated":true}]}}