{"id":36,"date":"2023-02-13T03:30:29","date_gmt":"2023-02-13T03:30:29","guid":{"rendered":"http:\/\/keybanquyengiasi.com\/cameradinhvi\/?page_id=36"},"modified":"2025-01-27T22:33:07","modified_gmt":"2025-01-27T15:33:07","slug":"chinh-sach-thanh-toan","status":"publish","type":"page","link":"https:\/\/shopbanquyen.net\/lic\/chinh-sach-thanh-toan\/","title":{"rendered":"CH\u00cdNH S\u00c1CH THANH TO\u00c1N"},"content":{"rendered":"<h1><strong>CH\u00cdNH S\u00c1CH THANH TO\u00c1N<\/strong><\/h1>\n<p><span style=\"font-size: 120%; color: #0000ff;\"><strong>1) Ch\u1ea5p nh\u1eadn h\u00ecnh th\u1ee9c thanh to\u00e1n chuy\u1ec3n kho\u1ea3n online:<\/strong><\/span><\/p>\n<p><span style=\"text-decoration: underline; font-size: 110%;\">Th\u00f4ng tin chuy\u1ec3n kho\u1ea3n:<\/span><br \/>\n<span style=\"font-size: 110%;\">Vui l\u00f2ng li\u00ean h\u1ec7 B\u1ed9 ph\u1eadn h\u1ed7 tr\u1ee3 kh\u00e1ch h\u00e0ng \u0111\u1ec3 \u0111\u01b0\u1ee3c t\u01b0 v\u1ea5n v\u00e0 cung c\u1ea5p th\u00f4ng tin thanh to\u00e1n chuy\u1ec3n kho\u1ea3n Online. <strong><span style=\"color: #800000;\">Hotline h\u1ed7 tr\u1ee3: 0796.320.928 (ZALO)<\/span><\/strong><\/span><br \/>\n<span style=\"color: #0000ff;\"><strong><span style=\"font-size: 120%;\">2) Thanh to\u00e1n khi nh\u1eadn h\u00e0ng (COD): L\u00e0 h\u00ecnh th\u1ee9c kh\u00e1ch h\u00e0ng thanh to\u00e1n ti\u1ec1n m\u1eb7t tr\u1ef1c ti\u1ebfp cho nh\u00e2n vi\u00ean v\u1eadn chuy\u1ec3n khi nh\u1eadn h\u00e0ng.<\/span><\/strong><\/span><\/p>\n<p><span style=\"font-size: 110%;\">Khi h\u00e0ng \u0111\u01b0\u1ee3c chuy\u1ec3n giao \u0111\u1ebfn b\u1ea1n c\u00f3 th\u1ec3 ki\u1ec3m tra t\u00ecnh trang g\u00f3i h\u00e0ng c\u00f2n nguy\u00ean v\u1eb9n v\u00e0 m\u1edf g\u00f3i h\u00e0ng ki\u1ec3m tra s\u1ea3n ph\u1ea9m tr\u01b0\u1edbc khi thanh to\u00e1n. N\u1ebfu s\u1ea3n ph\u1ea9m c\u00f3 b\u1ea5t k\u1ef3 l\u1ed7i hay khi\u1ebfm khuy\u1ebft n\u00e0o kh\u00f4ng \u0111\u00fang \u00fd mu\u1ed1n, b\u1ea1n c\u00f3 th\u1ec3 tr\u1ea3 l\u1ea1i nh\u00e2n vi\u00ean v\u1eadn chuy\u1ec3n ngay t\u1ea1i th\u1eddi \u0111i\u1ec3m \u0111\u00f3.<\/span><\/p>\n<p><span style=\"font-size: 110%;\"><strong><span style=\"text-decoration: underline;\">L\u01b0u \u00fd:<\/span><\/strong> H\u00ecnh th\u1ee9c COD ch\u1ec9 \u00e1p d\u1ee5ng v\u1edbi s\u1ea3n ph\u1ea9m Full box.<\/span><\/p>\n","protected":false},"excerpt":{"rendered":"<p>CH\u00cdNH S\u00c1CH THANH TO\u00c1N 1) Ch\u1ea5p nh\u1eadn h\u00ecnh th\u1ee9c thanh to\u00e1n chuy\u1ec3n kho\u1ea3n online: Th\u00f4ng tin chuy\u1ec3n kho\u1ea3n: Vui l\u00f2ng li\u00ean h\u1ec7 B\u1ed9 ph\u1eadn h\u1ed7 tr\u1ee3 kh\u00e1ch h\u00e0ng \u0111\u1ec3 \u0111\u01b0\u1ee3c t\u01b0 v\u1ea5n v\u00e0 cung c\u1ea5p th\u00f4ng tin thanh to\u00e1n chuy\u1ec3n kho\u1ea3n Online. Hotline h\u1ed7 tr\u1ee3: 0796.320.928 (ZALO) 2) Thanh to\u00e1n khi nh\u1eadn h\u00e0ng (COD): L\u00e0&#8230;<\/p>\n","protected":false},"author":1,"featured_media":0,"parent":0,"menu_order":0,"comment_status":"closed","ping_status":"closed","template":"","meta":{"_sitemap_exclude":false,"_sitemap_priority":"","_sitemap_frequency":"","footnotes":""},"yoast_head":"<!-- This site is optimized with the Yoast SEO plugin v24.5 - https:\/\/yoast.com\/wordpress\/plugins\/seo\/ -->\n<title>CH\u00cdNH S\u00c1CH THANH TO\u00c1N - Shop Key b\u1ea3n quy\u1ec1n gi\u00e1 s\u1ec9<\/title>\n<meta name=\"robots\" content=\"index, follow, max-snippet:-1, max-image-preview:large, max-video-preview:-1\" \/>\n<link rel=\"canonical\" href=\"https:\/\/shopbanquyen.net\/lic\/chinh-sach-thanh-toan\/\" \/>\n<meta property=\"og:locale\" content=\"vi_VN\" \/>\n<meta property=\"og:type\" content=\"article\" \/>\n<meta property=\"og:title\" content=\"CH\u00cdNH S\u00c1CH THANH TO\u00c1N - Shop Key b\u1ea3n quy\u1ec1n gi\u00e1 s\u1ec9\" \/>\n<meta property=\"og:description\" content=\"CH\u00cdNH S\u00c1CH THANH TO\u00c1N 1) Ch\u1ea5p nh\u1eadn h\u00ecnh th\u1ee9c thanh to\u00e1n chuy\u1ec3n kho\u1ea3n online: Th\u00f4ng tin chuy\u1ec3n kho\u1ea3n: Vui l\u00f2ng li\u00ean h\u1ec7 B\u1ed9 ph\u1eadn h\u1ed7 tr\u1ee3 kh\u00e1ch h\u00e0ng \u0111\u1ec3 \u0111\u01b0\u1ee3c t\u01b0 v\u1ea5n v\u00e0 cung c\u1ea5p th\u00f4ng tin thanh to\u00e1n chuy\u1ec3n kho\u1ea3n Online. Hotline h\u1ed7 tr\u1ee3: 0796.320.928 (ZALO) 2) Thanh to\u00e1n khi nh\u1eadn h\u00e0ng (COD): L\u00e0...\" \/>\n<meta property=\"og:url\" content=\"https:\/\/shopbanquyen.net\/lic\/chinh-sach-thanh-toan\/\" \/>\n<meta property=\"og:site_name\" content=\"Shop Key b\u1ea3n quy\u1ec1n gi\u00e1 s\u1ec9\" \/>\n<meta property=\"article:modified_time\" content=\"2025-01-27T15:33:07+00:00\" \/>\n<meta name=\"twitter:card\" content=\"summary_large_image\" \/>\n<meta name=\"twitter:label1\" content=\"\u01af\u1edbc t\u00ednh th\u1eddi gian \u0111\u1ecdc\" \/>\n\t<meta name=\"twitter:data1\" content=\"1 ph\u00fat\" \/>\n<script type=\"application\/ld+json\" class=\"yoast-schema-graph\">{\"@context\":\"https:\/\/schema.org\",\"@graph\":[{\"@type\":\"WebPage\",\"@id\":\"https:\/\/shopbanquyen.net\/lic\/chinh-sach-thanh-toan\/\",\"url\":\"https:\/\/shopbanquyen.net\/lic\/chinh-sach-thanh-toan\/\",\"name\":\"CH\u00cdNH S\u00c1CH THANH TO\u00c1N - Shop Key b\u1ea3n quy\u1ec1n gi\u00e1 s\u1ec9\",\"isPartOf\":{\"@id\":\"https:\/\/shopbanquyen.net\/lic\/#website\"},\"datePublished\":\"2023-02-13T03:30:29+00:00\",\"dateModified\":\"2025-01-27T15:33:07+00:00\",\"breadcrumb\":{\"@id\":\"https:\/\/shopbanquyen.net\/lic\/chinh-sach-thanh-toan\/#breadcrumb\"},\"inLanguage\":\"vi\",\"potentialAction\":[{\"@type\":\"ReadAction\",\"target\":[\"https:\/\/shopbanquyen.net\/lic\/chinh-sach-thanh-toan\/\"]}]},{\"@type\":\"BreadcrumbList\",\"@id\":\"https:\/\/shopbanquyen.net\/lic\/chinh-sach-thanh-toan\/#breadcrumb\",\"itemListElement\":[{\"@type\":\"ListItem\",\"position\":1,\"name\":\"Trang ch\u1ee7\",\"item\":\"https:\/\/shopbanquyen.net\/lic\/\"},{\"@type\":\"ListItem\",\"position\":2,\"name\":\"CH\u00cdNH S\u00c1CH THANH TO\u00c1N\"}]},{\"@type\":\"WebSite\",\"@id\":\"https:\/\/shopbanquyen.net\/lic\/#website\",\"url\":\"https:\/\/shopbanquyen.net\/lic\/\",\"name\":\"Shop Key b\u1ea3n quy\u1ec1n gi\u00e1 s\u1ec9\",\"description\":\"\u2705 Cung c\u1ea5p KEY Windows 11, 10, 8.1, 7, key Office 2021, 2019, 2016, 2013, 2010 \u2705 Key windows Server 2012, 2016, 2019, 2022 \u2705 key ph\u1ea7n m\u1ec1m di\u1ec7t virus Kaspersky gi\u00e1 s\u1ec9 r\u1ebb nh\u1ea5t to\u00e0n qu\u1ed1c. \u1ed4n \u0111\u1ecbnh gi\u00e1 ch\u1ec9 t\u1eeb 90k. Mua key b\u1ea3n quy\u1ec1n \u1edf \u0111\u00e2u uy t\u00edn gi\u00e1 r\u1ebb t\u1ea1i shopbanquyen.net\",\"publisher\":{\"@id\":\"https:\/\/shopbanquyen.net\/lic\/#\/schema\/person\/5bc8ac16331f90b449d610535f16bbe3\"},\"potentialAction\":[{\"@type\":\"SearchAction\",\"target\":{\"@type\":\"EntryPoint\",\"urlTemplate\":\"https:\/\/shopbanquyen.net\/lic\/?s={search_term_string}\"},\"query-input\":{\"@type\":\"PropertyValueSpecification\",\"valueRequired\":true,\"valueName\":\"search_term_string\"}}],\"inLanguage\":\"vi\"},{\"@type\":[\"Person\",\"Organization\"],\"@id\":\"https:\/\/shopbanquyen.net\/lic\/#\/schema\/person\/5bc8ac16331f90b449d610535f16bbe3\",\"name\":\"admin\",\"image\":{\"@type\":\"ImageObject\",\"inLanguage\":\"vi\",\"@id\":\"https:\/\/shopbanquyen.net\/lic\/#\/schema\/person\/image\/\",\"url\":\"https:\/\/shopbanquyen.net\/lic\/wp-content\/uploads\/2023\/03\/yellow-key-5a5d2aced92b090036cbe805-1.png\",\"contentUrl\":\"https:\/\/shopbanquyen.net\/lic\/wp-content\/uploads\/2023\/03\/yellow-key-5a5d2aced92b090036cbe805-1.png\",\"width\":768,\"height\":512,\"caption\":\"admin\"},\"logo\":{\"@id\":\"https:\/\/shopbanquyen.net\/lic\/#\/schema\/person\/image\/\"}}]}<\/script>\n<!-- \/ Yoast SEO plugin. -->","yoast_head_json":{"title":"CH\u00cdNH S\u00c1CH THANH TO\u00c1N - Shop Key b\u1ea3n quy\u1ec1n gi\u00e1 s\u1ec9","robots":{"index":"index","follow":"follow","max-snippet":"max-snippet:-1","max-image-preview":"max-image-preview:large","max-video-preview":"max-video-preview:-1"},"canonical":"https:\/\/shopbanquyen.net\/lic\/chinh-sach-thanh-toan\/","og_locale":"vi_VN","og_type":"article","og_title":"CH\u00cdNH S\u00c1CH THANH TO\u00c1N - Shop Key b\u1ea3n quy\u1ec1n gi\u00e1 s\u1ec9","og_description":"CH\u00cdNH S\u00c1CH THANH TO\u00c1N 1) Ch\u1ea5p nh\u1eadn h\u00ecnh th\u1ee9c thanh to\u00e1n chuy\u1ec3n kho\u1ea3n online: Th\u00f4ng tin chuy\u1ec3n kho\u1ea3n: Vui l\u00f2ng li\u00ean h\u1ec7 B\u1ed9 ph\u1eadn h\u1ed7 tr\u1ee3 kh\u00e1ch h\u00e0ng \u0111\u1ec3 \u0111\u01b0\u1ee3c t\u01b0 v\u1ea5n v\u00e0 cung c\u1ea5p th\u00f4ng tin thanh to\u00e1n chuy\u1ec3n kho\u1ea3n Online. Hotline h\u1ed7 tr\u1ee3: 0796.320.928 (ZALO) 2) Thanh to\u00e1n khi nh\u1eadn h\u00e0ng (COD): L\u00e0...","og_url":"https:\/\/shopbanquyen.net\/lic\/chinh-sach-thanh-toan\/","og_site_name":"Shop Key b\u1ea3n quy\u1ec1n gi\u00e1 s\u1ec9","article_modified_time":"2025-01-27T15:33:07+00:00","twitter_card":"summary_large_image","twitter_misc":{"\u01af\u1edbc t\u00ednh th\u1eddi gian \u0111\u1ecdc":"1 ph\u00fat"},"schema":{"@context":"https:\/\/schema.org","@graph":[{"@type":"WebPage","@id":"https:\/\/shopbanquyen.net\/lic\/chinh-sach-thanh-toan\/","url":"https:\/\/shopbanquyen.net\/lic\/chinh-sach-thanh-toan\/","name":"CH\u00cdNH S\u00c1CH THANH TO\u00c1N - Shop Key b\u1ea3n quy\u1ec1n gi\u00e1 s\u1ec9","isPartOf":{"@id":"https:\/\/shopbanquyen.net\/lic\/#website"},"datePublished":"2023-02-13T03:30:29+00:00","dateModified":"2025-01-27T15:33:07+00:00","breadcrumb":{"@id":"https:\/\/shopbanquyen.net\/lic\/chinh-sach-thanh-toan\/#breadcrumb"},"inLanguage":"vi","potentialAction":[{"@type":"ReadAction","target":["https:\/\/shopbanquyen.net\/lic\/chinh-sach-thanh-toan\/"]}]},{"@type":"BreadcrumbList","@id":"https:\/\/shopbanquyen.net\/lic\/chinh-sach-thanh-toan\/#breadcrumb","itemListElement":[{"@type":"ListItem","position":1,"name":"Trang ch\u1ee7","item":"https:\/\/shopbanquyen.net\/lic\/"},{"@type":"ListItem","position":2,"name":"CH\u00cdNH S\u00c1CH THANH TO\u00c1N"}]},{"@type":"WebSite","@id":"https:\/\/shopbanquyen.net\/lic\/#website","url":"https:\/\/shopbanquyen.net\/lic\/","name":"Shop Key b\u1ea3n quy\u1ec1n gi\u00e1 s\u1ec9","description":"\u2705 Cung c\u1ea5p KEY Windows 11, 10, 8.1, 7, key Office 2021, 2019, 2016, 2013, 2010 \u2705 Key windows Server 2012, 2016, 2019, 2022 \u2705 key ph\u1ea7n m\u1ec1m di\u1ec7t virus Kaspersky gi\u00e1 s\u1ec9 r\u1ebb nh\u1ea5t to\u00e0n qu\u1ed1c. \u1ed4n \u0111\u1ecbnh gi\u00e1 ch\u1ec9 t\u1eeb 90k. Mua key b\u1ea3n quy\u1ec1n \u1edf \u0111\u00e2u uy t\u00edn gi\u00e1 r\u1ebb t\u1ea1i shopbanquyen.net","publisher":{"@id":"https:\/\/shopbanquyen.net\/lic\/#\/schema\/person\/5bc8ac16331f90b449d610535f16bbe3"},"potentialAction":[{"@type":"SearchAction","target":{"@type":"EntryPoint","urlTemplate":"https:\/\/shopbanquyen.net\/lic\/?s={search_term_string}"},"query-input":{"@type":"PropertyValueSpecification","valueRequired":true,"valueName":"search_term_string"}}],"inLanguage":"vi"},{"@type":["Person","Organization"],"@id":"https:\/\/shopbanquyen.net\/lic\/#\/schema\/person\/5bc8ac16331f90b449d610535f16bbe3","name":"admin","image":{"@type":"ImageObject","inLanguage":"vi","@id":"https:\/\/shopbanquyen.net\/lic\/#\/schema\/person\/image\/","url":"https:\/\/shopbanquyen.net\/lic\/wp-content\/uploads\/2023\/03\/yellow-key-5a5d2aced92b090036cbe805-1.png","contentUrl":"https:\/\/shopbanquyen.net\/lic\/wp-content\/uploads\/2023\/03\/yellow-key-5a5d2aced92b090036cbe805-1.png","width":768,"height":512,"caption":"admin"},"logo":{"@id":"https:\/\/shopbanquyen.net\/lic\/#\/schema\/person\/image\/"}}]}},"_links":{"self":[{"href":"https:\/\/shopbanquyen.net\/lic\/wp-json\/wp\/v2\/pages\/36"}],"collection":[{"href":"https:\/\/shopbanquyen.net\/lic\/wp-json\/wp\/v2\/pages"}],"about":[{"href":"https:\/\/shopbanquyen.net\/lic\/wp-json\/wp\/v2\/types\/page"}],"author":[{"embeddable":true,"href":"https:\/\/shopbanquyen.net\/lic\/wp-json\/wp\/v2\/users\/1"}],"replies":[{"embeddable":true,"href":"https:\/\/shopbanquyen.net\/lic\/wp-json\/wp\/v2\/comments?post=36"}],"version-history":[{"count":9,"href":"https:\/\/shopbanquyen.net\/lic\/wp-json\/wp\/v2\/pages\/36\/revisions"}],"predecessor-version":[{"id":1588,"href":"https:\/\/shopbanquyen.net\/lic\/wp-json\/wp\/v2\/pages\/36\/revisions\/1588"}],"wp:attachment":[{"href":"https:\/\/shopbanquyen.net\/lic\/wp-json\/wp\/v2\/media?parent=36"}],"curies":[{"name":"wp","href":"https:\/\/api.w.org\/{rel}","templated":true}]}}