{"id":32,"date":"2023-02-13T03:29:06","date_gmt":"2023-02-13T03:29:06","guid":{"rendered":"http:\/\/keybanquyengiasi.com\/cameradinhvi\/?page_id=32"},"modified":"2025-01-27T22:33:48","modified_gmt":"2025-01-27T15:33:48","slug":"chinh-sach-van-chuyen","status":"publish","type":"page","link":"https:\/\/shopbanquyen.net\/lic\/chinh-sach-van-chuyen\/","title":{"rendered":"CH\u00cdNH S\u00c1CH V\u1eacN CHUY\u1ec2N"},"content":{"rendered":"<h1><strong>CH\u00cdNH S\u00c1CH V\u1eacN CHUY\u1ec2N<\/strong><\/h1>\n<p><span style=\"text-decoration: underline;\"><span style=\"color: #0000ff; text-decoration: underline;\"><strong><span style=\"font-size: 120%;\">1) C\u01af\u1edaC PH\u00cd V\u1eacN CHUY\u1ec2N<\/span><\/strong><\/span><\/span><\/p>\n<p><span style=\"color: #800000;\"><strong><span style=\"font-size: 110%;\">NH\u1eacN H\u00c0NG ONLINE: mi\u1ec5n ph\u00ed<\/span><\/strong><\/span><\/p>\n<p><span style=\"font-size: 110%;\">Qu\u00fd kh\u00e1ch s\u1ebd nh\u1eadn \u0111\u01b0\u1ee3c th\u00f4ng tin s\u1ea3n ph\u1ea9m, link t\u1ea3i b\u1ed9 c\u00e0i \u0111\u1eb7t c\u00f9ng h\u01b0\u1edbng d\u1eabn c\u00e0i \u0111\u1eb7t s\u1ebd g\u1eedi qua <span style=\"text-decoration: underline; color: #0000ff;\"><strong>email<\/strong><\/span> m\u00e0 qu\u00fd kh\u00e1ch \u0111\u00e3 \u0111i\u1ec1n trong m\u1ee5c \u0111\u1eb7t h\u00e0ng online. <strong>Th\u1eddi gian nh\u1eadn t\u1eeb 30 gi\u00e2y \u0111\u1ebfn 2h t\u00f9y th\u1eddi gian thanh to\u00e1n.<\/strong><\/span><\/p>\n<p><strong><span style=\"font-size: 110%; color: #800000;\">NH\u1eacN H\u00c0NG THANH TO\u00c1N &#8211; COD:<\/span><\/strong><\/p>\n<p><span style=\"font-size: 110%;\">\u00c1p d\u1ee5ng bi\u1ec3u ph\u00ed giao h\u00e0ng theo t\u1eebng khu v\u1ef1c \u0111\u01b0\u1ee3c quy \u0111\u1ecbnh theo b\u1ea3ng gi\u00e1 v\u1eadn chuy\u1ec3n \u0111\u01b0\u1ee3c quy \u0111\u1ecbnh b\u1edfi \u0110\u1ed1i t\u00e1c v\u1eadn chuy\u1ec3n c\u1ee7a ch\u00fang t\u00f4i, c\u1ee5 th\u1ec3 l\u00e0 <strong>Giao H\u00e0ng ti\u1ebft ki\u1ec7m<\/strong> v\u00e0 \u0111\u01b0\u1ee3c quy \u0111\u1ecbnh t\u1ea1i b\u1ea3ng ph\u00ed d\u1ecbch v\u1ee5 c\u1ee7a Nh\u00e0 v\u1eadn chuy\u1ec3n: <a href=\"https:\/\/admin.giaohangtietkiem.vn\/files\/templates\/Bieuphi_Giaohangtietkiem.pdf\" target=\"_blank\" rel=\"noopener\">B\u1ea3ng gi\u00e1<\/a><\/span><\/p>\n<p><span style=\"color: #0000ff;\"><strong><span style=\"text-decoration: underline;\"><span style=\"font-size: 120%;\">2) TH\u1edcI GIAN V\u1eacN CHUY\u1ec2N:<\/span><\/span><span style=\"font-size: 110%;\"> ch\u1ec9 \u00e1p d\u1ee5ng v\u1edbi s\u1ea3n ph\u1ea9m FULL BOX<\/span><\/strong><\/span><\/p>\n<p><span style=\"font-size: 110%;\"><strong><span style=\"color: #800000;\">KHU V\u1ef0C H\u00c0 N\u1ed8I:<\/span><\/strong><\/span><\/p>\n<p><span style=\"font-size: 110%;\">&#8211; Trong v\u00f2ng 1 \u0111\u1ebfn 2 ng\u00e0y l\u00e0m vi\u1ec7c.<\/span><\/p>\n<p><span style=\"font-size: 110%;\"><strong><span style=\"color: #800000;\">T\u1ec8NH\/TH\u00c0NH PH\u1ed0 KH\u00c1C:<\/span><\/strong><\/span><\/p>\n<p><span style=\"font-size: 110%;\">Trong v\u00f2ng 3 \u2013 7 ng\u00e0y l\u00e0m vi\u1ec7c t\u00f9y theo \u0111\u1ecba \u0111i\u1ec3m nh\u1eadn h\u00e0ng.<\/span><\/p>\n<p><span style=\"text-decoration: underline;\"><span style=\"font-size: 120%; color: #0000ff; text-decoration: underline;\"><strong>3) QU\u00c1 TR\u00ccNH V\u1eacN CHUY\u1ec2N V\u00c0 NH\u1eacN S\u1ea2N PH\u1ea8M:<\/strong><\/span><\/span> <span style=\"font-size: 110%; color: #0000ff;\"><strong><span style=\"color: #0000ff;\">ch\u1ec9 \u00e1p d\u1ee5ng v\u1edbi s\u1ea3n ph\u1ea9m FULL BOX<\/span><\/strong><\/span><\/p>\n<p><span style=\"font-size: 110%;\">&#8211; Ng\u01b0\u1eddi mua nh\u1eadn cu\u1ed9c g\u1ecdi x\u00e1c nh\u1eadn th\u1eddi gian giao h\u00e0ng t\u1eeb \u0111\u01a1n v\u1ecb giao h\u00e0ng do ng\u01b0\u1eddi b\u00e1n \u1ee7y quy\u1ec1n;<\/span><\/p>\n<p><span style=\"font-size: 110%;\">&#8211; Ng\u01b0\u1eddi mua ki\u1ec3m tra s\u1ea3n ph\u1ea9m v\u00e0 h\u00f3a \u0111\u01a1n, sau \u0111\u00f3 k\u00fd v\u00e0o \u0111\u01a1n nh\u1eadn h\u00e0ng v\u00e0 thanh to\u00e1n v\u1edbi nh\u00e2n vi\u00ean giao h\u00e0ng;<\/span><\/p>\n<p><span style=\"font-size: 110%;\">&#8211; Ng\u01b0\u1eddi mua c\u00f3 quy\u1ec1n t\u1eeb ch\u1ed1i nh\u1eadn h\u00e0ng trong c\u00e1c tr\u01b0\u1eddng h\u1ee3p sau: h\u00ecnh d\u00e1ng, m\u00e0u s\u1eafc, k\u00edch th\u01b0\u1edbc ho\u1eb7c m\u00e3 s\u1ea3n ph\u1ea9m kh\u00f4ng gi\u1ed1ng v\u1edbi s\u1ea3n ph\u1ea9m ng\u01b0\u1eddi mua \u0111\u1eb7t tr\u00ean website; gi\u00e1 tr\u1ecb h\u00e0ng h\u00f3a kh\u00e1c v\u1edbi gi\u00e1 tr\u1ecb \u0111\u01a1n h\u00e0ng do ng\u01b0\u1eddi mua \u0111\u1eb7t tr\u00ean website;<\/span><\/p>\n<p><span style=\"font-size: 110%;\">&#8211; Tr\u01b0\u1eddng h\u1ee3p ng\u01b0\u1eddi mua t\u1eeb ch\u1ed1i nh\u1eadn h\u00e0ng m\u00e0 l\u00fd do kh\u00f4ng ph\u1ea3i do s\u1ea3n ph\u1ea9m, ng\u01b0\u1eddi mua v\u1eabn ph\u1ea3i tr\u1ea3 ph\u00ed v\u1eadn chuy\u1ec3n theo t\u1eebng tr\u01b0\u1eddng h\u1ee3p c\u1ee5 th\u1ec3;<\/span><\/p>\n<p><span style=\"font-size: 110%;\">&#8211; Tr\u01b0\u1eddng h\u1ee3p c\u00f3 th\u1eafc m\u1eafc ho\u1eb7c khi\u1ebfu ki\u1ec7n sau khi nh\u1eadn s\u1ea3n ph\u1ea9m, ng\u01b0\u1eddi mua li\u00ean h\u1ec7 <strong>Hotline 0796.320.928<\/strong>.<\/span><\/p>\n<p><span style=\"text-decoration: underline; font-size: 120%;\"><span style=\"color: #0000ff; text-decoration: underline;\"><strong>4) M\u1ed8T S\u1ed0 C\u00c2U H\u1eceI TH\u01af\u1edcNG G\u1eb6P<\/strong><\/span><\/span><\/p>\n<p><span style=\"color: #800000;\"><strong><span style=\"font-size: 110%;\">4.1. \u0110\u01a0N H\u00c0NG \u0110\u01af\u1ee2C GIAO T\u1ed0I \u0110A M\u1ea4Y L\u1ea6N?<\/span><\/strong><\/span><\/p>\n<p><span style=\"font-size: 110%;\">\u0110\u01a1n h\u00e0ng \u0111\u01b0\u1ee3c giao t\u1ed1i \u0111a 3 l\u1ea7n (N\u1ebfu l\u1ea7n 1 \u0111\u01a1n h\u00e0ng giao kh\u00f4ng th\u00e0nh c\u00f4ng, nh\u00e2n vi\u00ean v\u1eadn chuy\u1ec3n s\u1ebd li\u00ean h\u1ec7 l\u1ea1i b\u1ea1n l\u1ea7n 2 sau 1-2 ng\u00e0y l\u00e0m vi\u1ec7c k\u1ebf ti\u1ebfp . Nh\u01b0 v\u1eady sau 3 l\u1ea7n giao d\u1ecbch kh\u00f4ng th\u00e0nh c\u00f4ng \u0111\u01a1n h\u00e0ng s\u1ebd h\u1ee7y)<\/span><\/p>\n<p><strong><span style=\"font-size: 110%; color: #800000;\">4.2 KHI NH\u1eacN \u0110\u01a0N H\u00c0NG C\u00d3 \u0110\u01af\u1ee2C XEM S\u1ea2N PH\u1ea8M TR\u01af\u1edaC KHI THANH TO\u00c1N?<\/span><\/strong><\/p>\n<p><span style=\"font-size: 110%;\">Qu\u00fd kh\u00e1ch ho\u00e0n to\u00e0n c\u00f3 th\u1ec3 m\u1edf g\u00f3i h\u00e0ng ki\u1ec3m tra s\u1ea3n ph\u1ea9m tr\u01b0\u1edbc khi thanh to\u00e1n ho\u1eb7c tr\u01b0\u1edbc khi v\u1eadn chuy\u1ec3n r\u1eddi \u0111i.<\/span><span style=\"font-size: 110%;\">Trong tr\u01b0\u1eddng h\u1ee3p Qu\u00fd kh\u00e1ch g\u1eb7p v\u1ea5n \u0111\u1ec1 ph\u00e1t sinh Qu\u00fd kh\u00e1ch li\u00ean h\u1ec7 ngay \u0111\u1ebfn ch\u00fang t\u00f4i \u0111\u1ec3 \u0111\u01b0\u1ee3c h\u1ed7 tr\u1ee3 k\u1ecbp th\u1eddi.<\/span><\/p>\n","protected":false},"excerpt":{"rendered":"<p>CH\u00cdNH S\u00c1CH V\u1eacN CHUY\u1ec2N 1) C\u01af\u1edaC PH\u00cd V\u1eacN CHUY\u1ec2N NH\u1eacN H\u00c0NG ONLINE: mi\u1ec5n ph\u00ed Qu\u00fd kh\u00e1ch s\u1ebd nh\u1eadn \u0111\u01b0\u1ee3c th\u00f4ng tin s\u1ea3n ph\u1ea9m, link t\u1ea3i b\u1ed9 c\u00e0i \u0111\u1eb7t c\u00f9ng h\u01b0\u1edbng d\u1eabn c\u00e0i \u0111\u1eb7t s\u1ebd g\u1eedi qua email m\u00e0 qu\u00fd kh\u00e1ch \u0111\u00e3 \u0111i\u1ec1n trong m\u1ee5c \u0111\u1eb7t h\u00e0ng online. Th\u1eddi gian nh\u1eadn t\u1eeb 30 gi\u00e2y \u0111\u1ebfn 2h&#8230;<\/p>\n","protected":false},"author":1,"featured_media":0,"parent":0,"menu_order":0,"comment_status":"closed","ping_status":"closed","template":"","meta":{"_sitemap_exclude":false,"_sitemap_priority":"","_sitemap_frequency":"","footnotes":""},"yoast_head":"<!-- This site is optimized with the Yoast SEO plugin v24.5 - https:\/\/yoast.com\/wordpress\/plugins\/seo\/ -->\n<title>CH\u00cdNH S\u00c1CH V\u1eacN CHUY\u1ec2N - Shop Key b\u1ea3n quy\u1ec1n gi\u00e1 s\u1ec9<\/title>\n<meta name=\"robots\" content=\"index, follow, max-snippet:-1, max-image-preview:large, max-video-preview:-1\" \/>\n<link rel=\"canonical\" href=\"https:\/\/shopbanquyen.net\/lic\/chinh-sach-van-chuyen\/\" \/>\n<meta property=\"og:locale\" content=\"vi_VN\" \/>\n<meta property=\"og:type\" content=\"article\" \/>\n<meta property=\"og:title\" content=\"CH\u00cdNH S\u00c1CH V\u1eacN CHUY\u1ec2N - Shop Key b\u1ea3n quy\u1ec1n gi\u00e1 s\u1ec9\" \/>\n<meta property=\"og:description\" content=\"CH\u00cdNH S\u00c1CH V\u1eacN CHUY\u1ec2N 1) C\u01af\u1edaC PH\u00cd V\u1eacN CHUY\u1ec2N NH\u1eacN H\u00c0NG ONLINE: mi\u1ec5n ph\u00ed Qu\u00fd kh\u00e1ch s\u1ebd nh\u1eadn \u0111\u01b0\u1ee3c th\u00f4ng tin s\u1ea3n ph\u1ea9m, link t\u1ea3i b\u1ed9 c\u00e0i \u0111\u1eb7t c\u00f9ng h\u01b0\u1edbng d\u1eabn c\u00e0i \u0111\u1eb7t s\u1ebd g\u1eedi qua email m\u00e0 qu\u00fd kh\u00e1ch \u0111\u00e3 \u0111i\u1ec1n trong m\u1ee5c \u0111\u1eb7t h\u00e0ng online. Th\u1eddi gian nh\u1eadn t\u1eeb 30 gi\u00e2y \u0111\u1ebfn 2h...\" \/>\n<meta property=\"og:url\" content=\"https:\/\/shopbanquyen.net\/lic\/chinh-sach-van-chuyen\/\" \/>\n<meta property=\"og:site_name\" content=\"Shop Key b\u1ea3n quy\u1ec1n gi\u00e1 s\u1ec9\" \/>\n<meta property=\"article:modified_time\" content=\"2025-01-27T15:33:48+00:00\" \/>\n<meta name=\"twitter:card\" content=\"summary_large_image\" \/>\n<meta name=\"twitter:label1\" content=\"\u01af\u1edbc t\u00ednh th\u1eddi gian \u0111\u1ecdc\" \/>\n\t<meta name=\"twitter:data1\" content=\"3 ph\u00fat\" \/>\n<script type=\"application\/ld+json\" class=\"yoast-schema-graph\">{\"@context\":\"https:\/\/schema.org\",\"@graph\":[{\"@type\":\"WebPage\",\"@id\":\"https:\/\/shopbanquyen.net\/lic\/chinh-sach-van-chuyen\/\",\"url\":\"https:\/\/shopbanquyen.net\/lic\/chinh-sach-van-chuyen\/\",\"name\":\"CH\u00cdNH S\u00c1CH V\u1eacN CHUY\u1ec2N - Shop Key b\u1ea3n quy\u1ec1n gi\u00e1 s\u1ec9\",\"isPartOf\":{\"@id\":\"https:\/\/shopbanquyen.net\/lic\/#website\"},\"datePublished\":\"2023-02-13T03:29:06+00:00\",\"dateModified\":\"2025-01-27T15:33:48+00:00\",\"breadcrumb\":{\"@id\":\"https:\/\/shopbanquyen.net\/lic\/chinh-sach-van-chuyen\/#breadcrumb\"},\"inLanguage\":\"vi\",\"potentialAction\":[{\"@type\":\"ReadAction\",\"target\":[\"https:\/\/shopbanquyen.net\/lic\/chinh-sach-van-chuyen\/\"]}]},{\"@type\":\"BreadcrumbList\",\"@id\":\"https:\/\/shopbanquyen.net\/lic\/chinh-sach-van-chuyen\/#breadcrumb\",\"itemListElement\":[{\"@type\":\"ListItem\",\"position\":1,\"name\":\"Trang ch\u1ee7\",\"item\":\"https:\/\/shopbanquyen.net\/lic\/\"},{\"@type\":\"ListItem\",\"position\":2,\"name\":\"CH\u00cdNH S\u00c1CH V\u1eacN CHUY\u1ec2N\"}]},{\"@type\":\"WebSite\",\"@id\":\"https:\/\/shopbanquyen.net\/lic\/#website\",\"url\":\"https:\/\/shopbanquyen.net\/lic\/\",\"name\":\"Shop Key b\u1ea3n quy\u1ec1n gi\u00e1 s\u1ec9\",\"description\":\"\u2705 Cung c\u1ea5p KEY Windows 11, 10, 8.1, 7, key Office 2021, 2019, 2016, 2013, 2010 \u2705 Key windows Server 2012, 2016, 2019, 2022 \u2705 key ph\u1ea7n m\u1ec1m di\u1ec7t virus Kaspersky gi\u00e1 s\u1ec9 r\u1ebb nh\u1ea5t to\u00e0n qu\u1ed1c. \u1ed4n \u0111\u1ecbnh gi\u00e1 ch\u1ec9 t\u1eeb 90k. Mua key b\u1ea3n quy\u1ec1n \u1edf \u0111\u00e2u uy t\u00edn gi\u00e1 r\u1ebb t\u1ea1i shopbanquyen.net\",\"publisher\":{\"@id\":\"https:\/\/shopbanquyen.net\/lic\/#\/schema\/person\/5bc8ac16331f90b449d610535f16bbe3\"},\"potentialAction\":[{\"@type\":\"SearchAction\",\"target\":{\"@type\":\"EntryPoint\",\"urlTemplate\":\"https:\/\/shopbanquyen.net\/lic\/?s={search_term_string}\"},\"query-input\":{\"@type\":\"PropertyValueSpecification\",\"valueRequired\":true,\"valueName\":\"search_term_string\"}}],\"inLanguage\":\"vi\"},{\"@type\":[\"Person\",\"Organization\"],\"@id\":\"https:\/\/shopbanquyen.net\/lic\/#\/schema\/person\/5bc8ac16331f90b449d610535f16bbe3\",\"name\":\"admin\",\"image\":{\"@type\":\"ImageObject\",\"inLanguage\":\"vi\",\"@id\":\"https:\/\/shopbanquyen.net\/lic\/#\/schema\/person\/image\/\",\"url\":\"https:\/\/shopbanquyen.net\/lic\/wp-content\/uploads\/2023\/03\/yellow-key-5a5d2aced92b090036cbe805-1.png\",\"contentUrl\":\"https:\/\/shopbanquyen.net\/lic\/wp-content\/uploads\/2023\/03\/yellow-key-5a5d2aced92b090036cbe805-1.png\",\"width\":768,\"height\":512,\"caption\":\"admin\"},\"logo\":{\"@id\":\"https:\/\/shopbanquyen.net\/lic\/#\/schema\/person\/image\/\"}}]}<\/script>\n<!-- \/ Yoast SEO plugin. -->","yoast_head_json":{"title":"CH\u00cdNH S\u00c1CH V\u1eacN CHUY\u1ec2N - Shop Key b\u1ea3n quy\u1ec1n gi\u00e1 s\u1ec9","robots":{"index":"index","follow":"follow","max-snippet":"max-snippet:-1","max-image-preview":"max-image-preview:large","max-video-preview":"max-video-preview:-1"},"canonical":"https:\/\/shopbanquyen.net\/lic\/chinh-sach-van-chuyen\/","og_locale":"vi_VN","og_type":"article","og_title":"CH\u00cdNH S\u00c1CH V\u1eacN CHUY\u1ec2N - Shop Key b\u1ea3n quy\u1ec1n gi\u00e1 s\u1ec9","og_description":"CH\u00cdNH S\u00c1CH V\u1eacN CHUY\u1ec2N 1) C\u01af\u1edaC PH\u00cd V\u1eacN CHUY\u1ec2N NH\u1eacN H\u00c0NG ONLINE: mi\u1ec5n ph\u00ed Qu\u00fd kh\u00e1ch s\u1ebd nh\u1eadn \u0111\u01b0\u1ee3c th\u00f4ng tin s\u1ea3n ph\u1ea9m, link t\u1ea3i b\u1ed9 c\u00e0i \u0111\u1eb7t c\u00f9ng h\u01b0\u1edbng d\u1eabn c\u00e0i \u0111\u1eb7t s\u1ebd g\u1eedi qua email m\u00e0 qu\u00fd kh\u00e1ch \u0111\u00e3 \u0111i\u1ec1n trong m\u1ee5c \u0111\u1eb7t h\u00e0ng online. Th\u1eddi gian nh\u1eadn t\u1eeb 30 gi\u00e2y \u0111\u1ebfn 2h...","og_url":"https:\/\/shopbanquyen.net\/lic\/chinh-sach-van-chuyen\/","og_site_name":"Shop Key b\u1ea3n quy\u1ec1n gi\u00e1 s\u1ec9","article_modified_time":"2025-01-27T15:33:48+00:00","twitter_card":"summary_large_image","twitter_misc":{"\u01af\u1edbc t\u00ednh th\u1eddi gian \u0111\u1ecdc":"3 ph\u00fat"},"schema":{"@context":"https:\/\/schema.org","@graph":[{"@type":"WebPage","@id":"https:\/\/shopbanquyen.net\/lic\/chinh-sach-van-chuyen\/","url":"https:\/\/shopbanquyen.net\/lic\/chinh-sach-van-chuyen\/","name":"CH\u00cdNH S\u00c1CH V\u1eacN CHUY\u1ec2N - Shop Key b\u1ea3n quy\u1ec1n gi\u00e1 s\u1ec9","isPartOf":{"@id":"https:\/\/shopbanquyen.net\/lic\/#website"},"datePublished":"2023-02-13T03:29:06+00:00","dateModified":"2025-01-27T15:33:48+00:00","breadcrumb":{"@id":"https:\/\/shopbanquyen.net\/lic\/chinh-sach-van-chuyen\/#breadcrumb"},"inLanguage":"vi","potentialAction":[{"@type":"ReadAction","target":["https:\/\/shopbanquyen.net\/lic\/chinh-sach-van-chuyen\/"]}]},{"@type":"BreadcrumbList","@id":"https:\/\/shopbanquyen.net\/lic\/chinh-sach-van-chuyen\/#breadcrumb","itemListElement":[{"@type":"ListItem","position":1,"name":"Trang ch\u1ee7","item":"https:\/\/shopbanquyen.net\/lic\/"},{"@type":"ListItem","position":2,"name":"CH\u00cdNH S\u00c1CH V\u1eacN CHUY\u1ec2N"}]},{"@type":"WebSite","@id":"https:\/\/shopbanquyen.net\/lic\/#website","url":"https:\/\/shopbanquyen.net\/lic\/","name":"Shop Key b\u1ea3n quy\u1ec1n gi\u00e1 s\u1ec9","description":"\u2705 Cung c\u1ea5p KEY Windows 11, 10, 8.1, 7, key Office 2021, 2019, 2016, 2013, 2010 \u2705 Key windows Server 2012, 2016, 2019, 2022 \u2705 key ph\u1ea7n m\u1ec1m di\u1ec7t virus Kaspersky gi\u00e1 s\u1ec9 r\u1ebb nh\u1ea5t to\u00e0n qu\u1ed1c. \u1ed4n \u0111\u1ecbnh gi\u00e1 ch\u1ec9 t\u1eeb 90k. Mua key b\u1ea3n quy\u1ec1n \u1edf \u0111\u00e2u uy t\u00edn gi\u00e1 r\u1ebb t\u1ea1i shopbanquyen.net","publisher":{"@id":"https:\/\/shopbanquyen.net\/lic\/#\/schema\/person\/5bc8ac16331f90b449d610535f16bbe3"},"potentialAction":[{"@type":"SearchAction","target":{"@type":"EntryPoint","urlTemplate":"https:\/\/shopbanquyen.net\/lic\/?s={search_term_string}"},"query-input":{"@type":"PropertyValueSpecification","valueRequired":true,"valueName":"search_term_string"}}],"inLanguage":"vi"},{"@type":["Person","Organization"],"@id":"https:\/\/shopbanquyen.net\/lic\/#\/schema\/person\/5bc8ac16331f90b449d610535f16bbe3","name":"admin","image":{"@type":"ImageObject","inLanguage":"vi","@id":"https:\/\/shopbanquyen.net\/lic\/#\/schema\/person\/image\/","url":"https:\/\/shopbanquyen.net\/lic\/wp-content\/uploads\/2023\/03\/yellow-key-5a5d2aced92b090036cbe805-1.png","contentUrl":"https:\/\/shopbanquyen.net\/lic\/wp-content\/uploads\/2023\/03\/yellow-key-5a5d2aced92b090036cbe805-1.png","width":768,"height":512,"caption":"admin"},"logo":{"@id":"https:\/\/shopbanquyen.net\/lic\/#\/schema\/person\/image\/"}}]}},"_links":{"self":[{"href":"https:\/\/shopbanquyen.net\/lic\/wp-json\/wp\/v2\/pages\/32"}],"collection":[{"href":"https:\/\/shopbanquyen.net\/lic\/wp-json\/wp\/v2\/pages"}],"about":[{"href":"https:\/\/shopbanquyen.net\/lic\/wp-json\/wp\/v2\/types\/page"}],"author":[{"embeddable":true,"href":"https:\/\/shopbanquyen.net\/lic\/wp-json\/wp\/v2\/users\/1"}],"replies":[{"embeddable":true,"href":"https:\/\/shopbanquyen.net\/lic\/wp-json\/wp\/v2\/comments?post=32"}],"version-history":[{"count":8,"href":"https:\/\/shopbanquyen.net\/lic\/wp-json\/wp\/v2\/pages\/32\/revisions"}],"predecessor-version":[{"id":1589,"href":"https:\/\/shopbanquyen.net\/lic\/wp-json\/wp\/v2\/pages\/32\/revisions\/1589"}],"wp:attachment":[{"href":"https:\/\/shopbanquyen.net\/lic\/wp-json\/wp\/v2\/media?parent=32"}],"curies":[{"name":"wp","href":"https:\/\/api.w.org\/{rel}","templated":true}]}}