{"id":18,"date":"2023-02-11T09:49:59","date_gmt":"2023-02-11T09:49:59","guid":{"rendered":"http:\/\/keybanquyengiasi.com\/cameradinhvi\/?page_id=18"},"modified":"2025-11-15T22:42:14","modified_gmt":"2025-11-15T15:42:14","slug":"gioi-thieu","status":"publish","type":"page","link":"https:\/\/shopbanquyen.net\/lic\/gioi-thieu\/","title":{"rendered":"GI\u1edaI THI\u1ec6U"},"content":{"rendered":"<div id=\"HEADLINE552\" class=\"ladi-element\">\n<h2 class=\"ladi-headline\"><strong>GI\u1edaI THI\u1ec6U V\u1ec0 CH\u00daNG T\u00d4I<\/strong><\/h2>\n<\/div>\n<div id=\"HEADLINE556\" class=\"ladi-element\">\n<h3 class=\"ladi-headline\">H\u01a0N 10 N\u0102M N\u1ed6 L\u1ef0C CUNG C\u1ea4P B\u1ea2N QUY\u1ec0N<\/h3>\n<\/div>\n<div id=\"HEADLINE567\" class=\"ladi-element\">\n<h3 class=\"ladi-headline\">TH\u00c0NH C\u00d4NG H\u00d4M NAY \u0110\u1ebeN T\u1eea S\u1ef0 N\u1ed6 L\u1ef0C KH\u00d4NG NG\u1eeaNG<\/h3>\n<\/div>\n<div id=\"PARAGRAPH568\" class=\"ladi-element\">\n<p class=\"ladi-paragraph\"><span style=\"font-size: 120%;\"><strong>Trong h\u01a1n 10 n\u0103m h\u00ecnh th\u00e0nh v\u00e0 ph\u00e1t tri\u1ec3n, ch\u00fang t\u00f4i \u0111\u00e3 cung c\u1ea5p d\u1ecbch v\u1ee5 v\u00e0 s\u1ea3n ph\u1ea9m cho:<\/strong><\/span><\/p>\n<table style=\"border-collapse: collapse; width: 100%;\">\n<tbody>\n<tr>\n<td style=\"width: 25%; text-align: center;\"><img loading=\"lazy\" decoding=\"async\" class=\"alignnone size-full wp-image-199\" src=\"https:\/\/shopbanquyen.net\/lic\/wp-content\/uploads\/2023\/03\/rating.png\" alt=\"\" width=\"64\" height=\"64\" \/><\/td>\n<td style=\"width: 25%; text-align: center;\"><img loading=\"lazy\" decoding=\"async\" class=\"alignnone size-full wp-image-200\" src=\"https:\/\/shopbanquyen.net\/lic\/wp-content\/uploads\/2023\/03\/project.png\" alt=\"\" width=\"64\" height=\"64\" \/><\/td>\n<td style=\"width: 25%; text-align: center;\"><img loading=\"lazy\" decoding=\"async\" class=\"alignnone size-full wp-image-201\" src=\"https:\/\/shopbanquyen.net\/lic\/wp-content\/uploads\/2023\/03\/office-building.png\" alt=\"\" width=\"64\" height=\"64\" \/><\/td>\n<td style=\"width: 25%; text-align: center;\"><img loading=\"lazy\" decoding=\"async\" class=\"alignnone size-full wp-image-202\" src=\"https:\/\/shopbanquyen.net\/lic\/wp-content\/uploads\/2023\/03\/citizenship.png\" alt=\"\" width=\"64\" height=\"64\" \/><\/td>\n<\/tr>\n<tr>\n<td style=\"width: 25%; text-align: center;\"><span style=\"font-size: 200%; font-family: 'arial black', sans-serif; color: #ed1c24;\">20,000<\/span><\/p>\n<p><strong><span style=\"font-size: 150%; color: #0000ff;\">Kh\u00e1ch h\u00e0ng<\/span><\/strong><\/td>\n<td style=\"width: 25%;\">\n<p style=\"text-align: center;\"><span style=\"font-size: 200%; font-family: 'arial black', sans-serif; color: #ed1c24;\">1,000<\/span><\/p>\n<p style=\"text-align: center;\"><strong><span style=\"font-size: 150%; color: #0000ff;\">D\u1ef1 \u00e1n ho\u00e0n th\u00e0nh<\/span><\/strong><\/p>\n<\/td>\n<td style=\"width: 25%;\">\n<p style=\"text-align: center;\"><span style=\"font-size: 200%; font-family: 'arial black', sans-serif; color: #ed1c24;\">100<\/span><\/p>\n<p style=\"text-align: center;\"><strong><span style=\"font-size: 150%; color: #0000ff;\">C\u00f4ng ty h\u1ee3p t\u00e1c<\/span><\/strong><\/p>\n<\/td>\n<td style=\"width: 25%;\">\n<p style=\"text-align: center;\"><span style=\"font-size: 200%; font-family: 'arial black', sans-serif; color: #ed1c24;\">25<\/span><\/p>\n<p style=\"text-align: center;\"><strong><span style=\"font-size: 150%; color: #0000ff;\">\u0110\u1ed1i t\u00e1c qu\u1ed1c t\u1ebf<\/span><\/strong><\/p>\n<\/td>\n<\/tr>\n<\/tbody>\n<\/table>\n<p class=\"ladi-paragraph\"><span style=\"font-size: 120%;\">V\u1edbi m\u1ee5c ti\u00eau cung c\u1ea5p c\u00e1c s\u1ea3n ph\u1ea9m ph\u1ea7n m\u1ec1m ch\u00ednh h\u00e3ng b\u1ea3n quy\u1ec1n cho kh\u00e1ch h\u00e0ng, \u0111\u1ec3 h\u1ecd kh\u00f4ng ph\u1ea3i s\u00e0i ph\u1ea7n m\u1ec1m l\u1eadu v\u00e0 hay g\u1eb7p l\u1ed7i, ch\u00fang t\u00f4i \u0111\u00e3 li\u00ean t\u1ee5c th\u01b0\u01a1ng th\u1ea3o v\u1edbi c\u00e1c nh\u00e0 cung c\u1ea5p \u0111\u1ec3 c\u00f3 \u0111\u01b0\u1ee3c c\u00e1c s\u1ea3n ph\u1ea9m v\u1edbi gi\u00e1 th\u00e0nh th\u1ea5p h\u01a1n \u0111\u1ec3 cung c\u1ea5p \u0111\u1ebfn ng\u01b0\u1eddi ti\u00eau d\u00f9ng.<\/span><\/p>\n<p class=\"ladi-paragraph\"><span style=\"font-size: 120%;\">Ch\u00fang t\u00f4i t\u1ef1 h\u00e0o l\u00e0 \u0110\u1ea1i l\u00fd ph\u00e2n ph\u1ed1i c\u00e1c s\u1ea3n ph\u1ea9m ph\u1ea7n m\u1ec1m b\u1ea3n quy\u1ec1n ch\u00ednh th\u1ee9c t\u1ea1i Vi\u1ec7t Nam, v\u1edbi \u0111\u1ea7y \u0111\u1ee7 gi\u1ea5y t\u1edd ch\u1ee9ng nh\u1eadn ngu\u1ed3n g\u1ed1c xu\u1ea5t x\u1ee9 v\u00e0 gi\u1ea5y t\u1edd ch\u1ee9ng nh\u1eadn b\u1ea3n quy\u1ec1n. V\u1edbi kh\u00e1ch h\u00e0ng doanh nghi\u1ec7p l\u1edbn, ch\u00fang t\u00f4i \u0111\u1ee7 s\u1ee9c cung c\u1ea5p 10,000 s\u1ea3n ph\u1ea9m c\u00f9ng l\u00fac v\u1edbi \u0111\u1ea7y \u0111\u1ee7 nh\u00e2n l\u1ef1c h\u1ed7 tr\u1ee3 k\u1ef9 thu\u1eadt t\u1edbi kh\u00e1ch h\u00e0ng kh\u1eafp m\u1ecdi mi\u1ec1n c\u1ea3 n\u01b0\u1edbc.<\/span><\/p>\n<\/div>\n","protected":false},"excerpt":{"rendered":"<p>GI\u1edaI THI\u1ec6U V\u1ec0 CH\u00daNG T\u00d4I H\u01a0N 10 N\u0102M N\u1ed6 L\u1ef0C CUNG C\u1ea4P B\u1ea2N QUY\u1ec0N TH\u00c0NH C\u00d4NG H\u00d4M NAY \u0110\u1ebeN T\u1eea S\u1ef0 N\u1ed6 L\u1ef0C KH\u00d4NG NG\u1eeaNG Trong h\u01a1n 10 n\u0103m h\u00ecnh th\u00e0nh v\u00e0 ph\u00e1t tri\u1ec3n, ch\u00fang t\u00f4i \u0111\u00e3 cung c\u1ea5p d\u1ecbch v\u1ee5 v\u00e0 s\u1ea3n ph\u1ea9m cho: 20,000 Kh\u00e1ch h\u00e0ng 1,000 D\u1ef1 \u00e1n ho\u00e0n th\u00e0nh 100 C\u00f4ng&#8230;<\/p>\n","protected":false},"author":1,"featured_media":0,"parent":0,"menu_order":0,"comment_status":"closed","ping_status":"closed","template":"","meta":{"_sitemap_exclude":false,"_sitemap_priority":"","_sitemap_frequency":"","footnotes":""},"yoast_head":"<!-- This site is optimized with the Yoast SEO plugin v24.5 - https:\/\/yoast.com\/wordpress\/plugins\/seo\/ -->\n<title>GI\u1edaI THI\u1ec6U - Shop Key b\u1ea3n quy\u1ec1n gi\u00e1 s\u1ec9<\/title>\n<meta name=\"robots\" content=\"index, follow, max-snippet:-1, max-image-preview:large, max-video-preview:-1\" \/>\n<link rel=\"canonical\" href=\"https:\/\/shopbanquyen.net\/lic\/gioi-thieu\/\" \/>\n<meta property=\"og:locale\" content=\"vi_VN\" \/>\n<meta property=\"og:type\" content=\"article\" \/>\n<meta property=\"og:title\" content=\"GI\u1edaI THI\u1ec6U - Shop Key b\u1ea3n quy\u1ec1n gi\u00e1 s\u1ec9\" \/>\n<meta property=\"og:description\" content=\"GI\u1edaI THI\u1ec6U V\u1ec0 CH\u00daNG T\u00d4I H\u01a0N 10 N\u0102M N\u1ed6 L\u1ef0C CUNG C\u1ea4P B\u1ea2N QUY\u1ec0N TH\u00c0NH C\u00d4NG H\u00d4M NAY \u0110\u1ebeN T\u1eea S\u1ef0 N\u1ed6 L\u1ef0C KH\u00d4NG NG\u1eeaNG Trong h\u01a1n 10 n\u0103m h\u00ecnh th\u00e0nh v\u00e0 ph\u00e1t tri\u1ec3n, ch\u00fang t\u00f4i \u0111\u00e3 cung c\u1ea5p d\u1ecbch v\u1ee5 v\u00e0 s\u1ea3n ph\u1ea9m cho: 20,000 Kh\u00e1ch h\u00e0ng 1,000 D\u1ef1 \u00e1n ho\u00e0n th\u00e0nh 100 C\u00f4ng...\" \/>\n<meta property=\"og:url\" content=\"https:\/\/shopbanquyen.net\/lic\/gioi-thieu\/\" \/>\n<meta property=\"og:site_name\" content=\"Shop Key b\u1ea3n quy\u1ec1n gi\u00e1 s\u1ec9\" \/>\n<meta property=\"article:modified_time\" content=\"2025-11-15T15:42:14+00:00\" \/>\n<meta property=\"og:image\" content=\"https:\/\/shopbanquyen.net\/lic\/wp-content\/uploads\/2023\/03\/rating.png\" \/>\n\t<meta property=\"og:image:width\" content=\"64\" \/>\n\t<meta property=\"og:image:height\" content=\"64\" \/>\n\t<meta property=\"og:image:type\" content=\"image\/png\" \/>\n<meta name=\"twitter:card\" content=\"summary_large_image\" \/>\n<meta name=\"twitter:label1\" content=\"\u01af\u1edbc t\u00ednh th\u1eddi gian \u0111\u1ecdc\" \/>\n\t<meta name=\"twitter:data1\" content=\"2 ph\u00fat\" \/>\n<script type=\"application\/ld+json\" class=\"yoast-schema-graph\">{\"@context\":\"https:\/\/schema.org\",\"@graph\":[{\"@type\":\"WebPage\",\"@id\":\"https:\/\/shopbanquyen.net\/lic\/gioi-thieu\/\",\"url\":\"https:\/\/shopbanquyen.net\/lic\/gioi-thieu\/\",\"name\":\"GI\u1edaI THI\u1ec6U - Shop Key b\u1ea3n quy\u1ec1n gi\u00e1 s\u1ec9\",\"isPartOf\":{\"@id\":\"https:\/\/shopbanquyen.net\/lic\/#website\"},\"primaryImageOfPage\":{\"@id\":\"https:\/\/shopbanquyen.net\/lic\/gioi-thieu\/#primaryimage\"},\"image\":{\"@id\":\"https:\/\/shopbanquyen.net\/lic\/gioi-thieu\/#primaryimage\"},\"thumbnailUrl\":\"https:\/\/shopbanquyen.net\/lic\/wp-content\/uploads\/2023\/03\/rating.png\",\"datePublished\":\"2023-02-11T09:49:59+00:00\",\"dateModified\":\"2025-11-15T15:42:14+00:00\",\"breadcrumb\":{\"@id\":\"https:\/\/shopbanquyen.net\/lic\/gioi-thieu\/#breadcrumb\"},\"inLanguage\":\"vi\",\"potentialAction\":[{\"@type\":\"ReadAction\",\"target\":[\"https:\/\/shopbanquyen.net\/lic\/gioi-thieu\/\"]}]},{\"@type\":\"ImageObject\",\"inLanguage\":\"vi\",\"@id\":\"https:\/\/shopbanquyen.net\/lic\/gioi-thieu\/#primaryimage\",\"url\":\"https:\/\/shopbanquyen.net\/lic\/wp-content\/uploads\/2023\/03\/rating.png\",\"contentUrl\":\"https:\/\/shopbanquyen.net\/lic\/wp-content\/uploads\/2023\/03\/rating.png\",\"width\":64,\"height\":64},{\"@type\":\"BreadcrumbList\",\"@id\":\"https:\/\/shopbanquyen.net\/lic\/gioi-thieu\/#breadcrumb\",\"itemListElement\":[{\"@type\":\"ListItem\",\"position\":1,\"name\":\"Trang ch\u1ee7\",\"item\":\"https:\/\/shopbanquyen.net\/lic\/\"},{\"@type\":\"ListItem\",\"position\":2,\"name\":\"GI\u1edaI THI\u1ec6U\"}]},{\"@type\":\"WebSite\",\"@id\":\"https:\/\/shopbanquyen.net\/lic\/#website\",\"url\":\"https:\/\/shopbanquyen.net\/lic\/\",\"name\":\"Shop Key b\u1ea3n quy\u1ec1n gi\u00e1 s\u1ec9\",\"description\":\"\u2705 Cung c\u1ea5p KEY Windows 11, 10, 8.1, 7, key Office 2021, 2019, 2016, 2013, 2010 \u2705 Key windows Server 2012, 2016, 2019, 2022 \u2705 key ph\u1ea7n m\u1ec1m di\u1ec7t virus Kaspersky gi\u00e1 s\u1ec9 r\u1ebb nh\u1ea5t to\u00e0n qu\u1ed1c. \u1ed4n \u0111\u1ecbnh gi\u00e1 ch\u1ec9 t\u1eeb 90k. Mua key b\u1ea3n quy\u1ec1n \u1edf \u0111\u00e2u uy t\u00edn gi\u00e1 r\u1ebb t\u1ea1i shopbanquyen.net\",\"publisher\":{\"@id\":\"https:\/\/shopbanquyen.net\/lic\/#\/schema\/person\/5bc8ac16331f90b449d610535f16bbe3\"},\"potentialAction\":[{\"@type\":\"SearchAction\",\"target\":{\"@type\":\"EntryPoint\",\"urlTemplate\":\"https:\/\/shopbanquyen.net\/lic\/?s={search_term_string}\"},\"query-input\":{\"@type\":\"PropertyValueSpecification\",\"valueRequired\":true,\"valueName\":\"search_term_string\"}}],\"inLanguage\":\"vi\"},{\"@type\":[\"Person\",\"Organization\"],\"@id\":\"https:\/\/shopbanquyen.net\/lic\/#\/schema\/person\/5bc8ac16331f90b449d610535f16bbe3\",\"name\":\"admin\",\"image\":{\"@type\":\"ImageObject\",\"inLanguage\":\"vi\",\"@id\":\"https:\/\/shopbanquyen.net\/lic\/#\/schema\/person\/image\/\",\"url\":\"https:\/\/shopbanquyen.net\/lic\/wp-content\/uploads\/2023\/03\/yellow-key-5a5d2aced92b090036cbe805-1.png\",\"contentUrl\":\"https:\/\/shopbanquyen.net\/lic\/wp-content\/uploads\/2023\/03\/yellow-key-5a5d2aced92b090036cbe805-1.png\",\"width\":768,\"height\":512,\"caption\":\"admin\"},\"logo\":{\"@id\":\"https:\/\/shopbanquyen.net\/lic\/#\/schema\/person\/image\/\"}}]}<\/script>\n<!-- \/ Yoast SEO plugin. -->","yoast_head_json":{"title":"GI\u1edaI THI\u1ec6U - Shop Key b\u1ea3n quy\u1ec1n gi\u00e1 s\u1ec9","robots":{"index":"index","follow":"follow","max-snippet":"max-snippet:-1","max-image-preview":"max-image-preview:large","max-video-preview":"max-video-preview:-1"},"canonical":"https:\/\/shopbanquyen.net\/lic\/gioi-thieu\/","og_locale":"vi_VN","og_type":"article","og_title":"GI\u1edaI THI\u1ec6U - Shop Key b\u1ea3n quy\u1ec1n gi\u00e1 s\u1ec9","og_description":"GI\u1edaI THI\u1ec6U V\u1ec0 CH\u00daNG T\u00d4I H\u01a0N 10 N\u0102M N\u1ed6 L\u1ef0C CUNG C\u1ea4P B\u1ea2N QUY\u1ec0N TH\u00c0NH C\u00d4NG H\u00d4M NAY \u0110\u1ebeN T\u1eea S\u1ef0 N\u1ed6 L\u1ef0C KH\u00d4NG NG\u1eeaNG Trong h\u01a1n 10 n\u0103m h\u00ecnh th\u00e0nh v\u00e0 ph\u00e1t tri\u1ec3n, ch\u00fang t\u00f4i \u0111\u00e3 cung c\u1ea5p d\u1ecbch v\u1ee5 v\u00e0 s\u1ea3n ph\u1ea9m cho: 20,000 Kh\u00e1ch h\u00e0ng 1,000 D\u1ef1 \u00e1n ho\u00e0n th\u00e0nh 100 C\u00f4ng...","og_url":"https:\/\/shopbanquyen.net\/lic\/gioi-thieu\/","og_site_name":"Shop Key b\u1ea3n quy\u1ec1n gi\u00e1 s\u1ec9","article_modified_time":"2025-11-15T15:42:14+00:00","og_image":[{"width":64,"height":64,"url":"https:\/\/shopbanquyen.net\/lic\/wp-content\/uploads\/2023\/03\/rating.png","type":"image\/png"}],"twitter_card":"summary_large_image","twitter_misc":{"\u01af\u1edbc t\u00ednh th\u1eddi gian \u0111\u1ecdc":"2 ph\u00fat"},"schema":{"@context":"https:\/\/schema.org","@graph":[{"@type":"WebPage","@id":"https:\/\/shopbanquyen.net\/lic\/gioi-thieu\/","url":"https:\/\/shopbanquyen.net\/lic\/gioi-thieu\/","name":"GI\u1edaI THI\u1ec6U - Shop Key b\u1ea3n quy\u1ec1n gi\u00e1 s\u1ec9","isPartOf":{"@id":"https:\/\/shopbanquyen.net\/lic\/#website"},"primaryImageOfPage":{"@id":"https:\/\/shopbanquyen.net\/lic\/gioi-thieu\/#primaryimage"},"image":{"@id":"https:\/\/shopbanquyen.net\/lic\/gioi-thieu\/#primaryimage"},"thumbnailUrl":"https:\/\/shopbanquyen.net\/lic\/wp-content\/uploads\/2023\/03\/rating.png","datePublished":"2023-02-11T09:49:59+00:00","dateModified":"2025-11-15T15:42:14+00:00","breadcrumb":{"@id":"https:\/\/shopbanquyen.net\/lic\/gioi-thieu\/#breadcrumb"},"inLanguage":"vi","potentialAction":[{"@type":"ReadAction","target":["https:\/\/shopbanquyen.net\/lic\/gioi-thieu\/"]}]},{"@type":"ImageObject","inLanguage":"vi","@id":"https:\/\/shopbanquyen.net\/lic\/gioi-thieu\/#primaryimage","url":"https:\/\/shopbanquyen.net\/lic\/wp-content\/uploads\/2023\/03\/rating.png","contentUrl":"https:\/\/shopbanquyen.net\/lic\/wp-content\/uploads\/2023\/03\/rating.png","width":64,"height":64},{"@type":"BreadcrumbList","@id":"https:\/\/shopbanquyen.net\/lic\/gioi-thieu\/#breadcrumb","itemListElement":[{"@type":"ListItem","position":1,"name":"Trang ch\u1ee7","item":"https:\/\/shopbanquyen.net\/lic\/"},{"@type":"ListItem","position":2,"name":"GI\u1edaI THI\u1ec6U"}]},{"@type":"WebSite","@id":"https:\/\/shopbanquyen.net\/lic\/#website","url":"https:\/\/shopbanquyen.net\/lic\/","name":"Shop Key b\u1ea3n quy\u1ec1n gi\u00e1 s\u1ec9","description":"\u2705 Cung c\u1ea5p KEY Windows 11, 10, 8.1, 7, key Office 2021, 2019, 2016, 2013, 2010 \u2705 Key windows Server 2012, 2016, 2019, 2022 \u2705 key ph\u1ea7n m\u1ec1m di\u1ec7t virus Kaspersky gi\u00e1 s\u1ec9 r\u1ebb nh\u1ea5t to\u00e0n qu\u1ed1c. \u1ed4n \u0111\u1ecbnh gi\u00e1 ch\u1ec9 t\u1eeb 90k. Mua key b\u1ea3n quy\u1ec1n \u1edf \u0111\u00e2u uy t\u00edn gi\u00e1 r\u1ebb t\u1ea1i shopbanquyen.net","publisher":{"@id":"https:\/\/shopbanquyen.net\/lic\/#\/schema\/person\/5bc8ac16331f90b449d610535f16bbe3"},"potentialAction":[{"@type":"SearchAction","target":{"@type":"EntryPoint","urlTemplate":"https:\/\/shopbanquyen.net\/lic\/?s={search_term_string}"},"query-input":{"@type":"PropertyValueSpecification","valueRequired":true,"valueName":"search_term_string"}}],"inLanguage":"vi"},{"@type":["Person","Organization"],"@id":"https:\/\/shopbanquyen.net\/lic\/#\/schema\/person\/5bc8ac16331f90b449d610535f16bbe3","name":"admin","image":{"@type":"ImageObject","inLanguage":"vi","@id":"https:\/\/shopbanquyen.net\/lic\/#\/schema\/person\/image\/","url":"https:\/\/shopbanquyen.net\/lic\/wp-content\/uploads\/2023\/03\/yellow-key-5a5d2aced92b090036cbe805-1.png","contentUrl":"https:\/\/shopbanquyen.net\/lic\/wp-content\/uploads\/2023\/03\/yellow-key-5a5d2aced92b090036cbe805-1.png","width":768,"height":512,"caption":"admin"},"logo":{"@id":"https:\/\/shopbanquyen.net\/lic\/#\/schema\/person\/image\/"}}]}},"_links":{"self":[{"href":"https:\/\/shopbanquyen.net\/lic\/wp-json\/wp\/v2\/pages\/18"}],"collection":[{"href":"https:\/\/shopbanquyen.net\/lic\/wp-json\/wp\/v2\/pages"}],"about":[{"href":"https:\/\/shopbanquyen.net\/lic\/wp-json\/wp\/v2\/types\/page"}],"author":[{"embeddable":true,"href":"https:\/\/shopbanquyen.net\/lic\/wp-json\/wp\/v2\/users\/1"}],"replies":[{"embeddable":true,"href":"https:\/\/shopbanquyen.net\/lic\/wp-json\/wp\/v2\/comments?post=18"}],"version-history":[{"count":9,"href":"https:\/\/shopbanquyen.net\/lic\/wp-json\/wp\/v2\/pages\/18\/revisions"}],"predecessor-version":[{"id":2245,"href":"https:\/\/shopbanquyen.net\/lic\/wp-json\/wp\/v2\/pages\/18\/revisions\/2245"}],"wp:attachment":[{"href":"https:\/\/shopbanquyen.net\/lic\/wp-json\/wp\/v2\/media?parent=18"}],"curies":[{"name":"wp","href":"https:\/\/api.w.org\/{rel}","templated":true}]}}