{"id":15,"date":"2023-02-11T09:48:59","date_gmt":"2023-02-11T09:48:59","guid":{"rendered":"http:\/\/keybanquyengiasi.com\/cameradinhvi\/?page_id=15"},"modified":"2026-01-07T08:47:27","modified_gmt":"2026-01-07T01:47:27","slug":"lien-he","status":"publish","type":"page","link":"https:\/\/shopbanquyen.net\/lic\/lien-he\/","title":{"rendered":"Li\u00ean h\u1ec7"},"content":{"rendered":"<h1 data-line-height=\"l\"><span style=\"font-size: 120%;\"><strong>Th\u00f4ng tin li\u00ean h\u1ec7<\/strong><\/span><\/h1>\n<p><span style=\"color: #0000ff; font-size: 110%;\"><strong>Tr\u1ee5 s\u1edf ch\u00ednh C\u00d4NG TY TNHH NEXTTECH GROUP VI\u1ec6T NAM<\/strong><\/span><br \/>\n<span style=\"font-size: 110%;\">\u0110\u1ecba ch\u1ec9: 25\/74, \u0110\u01b0\u1eddng TL 19, Khu Ph\u1ed1 3B, Ph\u01b0\u1eddng An Ph\u00fa \u0110\u00f4ng, TP H\u1ed3 Ch\u00ed Minh, Vi\u1ec7t Nam.<\/span><br \/>\n<span style=\"font-size: 110%;\">Webiste:\u00a0<a href=\"https:\/\/shopbanquyen.net\">https:\/\/shopbanquyen.net<\/a><\/span><br \/>\n<span style=\"color: #800080; font-size: 110%;\"><strong>Hotline: 0796.320.928 (Zalo)<\/strong><\/span><br \/>\n<span style=\"color: #000000; font-size: 110%;\"><strong>Ch\u00fang t\u00f4i t\u1ef1 h\u00e0o l\u00e0 nh\u00e0 ph\u00e2n ph\u1ed1i c\u00e1c s\u1ea3n ph\u1ea9m b\u1ea3n quy\u1ec1n Windows, Windows Server, Office, Di\u1ec7t Virus, Adobe, Autodesk, AI&#8230; v\u00e0 c\u00e1c s\u1ea3n ph\u1ea9m b\u1ea3n quy\u1ec1n kh\u00e1c.<\/strong><\/span><\/p>\n<p><!-- \/wp:html --><\/p>\n","protected":false},"excerpt":{"rendered":"<p>Th\u00f4ng tin li\u00ean h\u1ec7 Tr\u1ee5 s\u1edf ch\u00ednh C\u00d4NG TY TNHH NEXTTECH GROUP VI\u1ec6T NAM \u0110\u1ecba ch\u1ec9: 25\/74, \u0110\u01b0\u1eddng TL 19, Khu Ph\u1ed1 3B, Ph\u01b0\u1eddng An Ph\u00fa \u0110\u00f4ng, TP H\u1ed3 Ch\u00ed Minh, Vi\u1ec7t Nam. Webiste:\u00a0https:\/\/shopbanquyen.net Hotline: 0796.320.928 (Zalo) Ch\u00fang t\u00f4i t\u1ef1 h\u00e0o l\u00e0 nh\u00e0 ph\u00e2n ph\u1ed1i c\u00e1c s\u1ea3n ph\u1ea9m b\u1ea3n quy\u1ec1n Windows, Windows Server, Office, Di\u1ec7t&#8230;<\/p>\n","protected":false},"author":1,"featured_media":0,"parent":0,"menu_order":0,"comment_status":"closed","ping_status":"closed","template":"","meta":{"_sitemap_exclude":false,"_sitemap_priority":"","_sitemap_frequency":"","footnotes":""},"yoast_head":"<!-- This site is optimized with the Yoast SEO plugin v24.5 - https:\/\/yoast.com\/wordpress\/plugins\/seo\/ -->\n<title>Li\u00ean h\u1ec7 - Shop Key b\u1ea3n quy\u1ec1n gi\u00e1 s\u1ec9<\/title>\n<meta name=\"robots\" content=\"index, follow, max-snippet:-1, max-image-preview:large, max-video-preview:-1\" \/>\n<link rel=\"canonical\" href=\"https:\/\/shopbanquyen.net\/lic\/lien-he\/\" \/>\n<meta property=\"og:locale\" content=\"vi_VN\" \/>\n<meta property=\"og:type\" content=\"article\" \/>\n<meta property=\"og:title\" content=\"Li\u00ean h\u1ec7 - Shop Key b\u1ea3n quy\u1ec1n gi\u00e1 s\u1ec9\" \/>\n<meta property=\"og:description\" content=\"Th\u00f4ng tin li\u00ean h\u1ec7 Tr\u1ee5 s\u1edf ch\u00ednh C\u00d4NG TY TNHH NEXTTECH GROUP VI\u1ec6T NAM \u0110\u1ecba ch\u1ec9: 25\/74, \u0110\u01b0\u1eddng TL 19, Khu Ph\u1ed1 3B, Ph\u01b0\u1eddng An Ph\u00fa \u0110\u00f4ng, TP H\u1ed3 Ch\u00ed Minh, Vi\u1ec7t Nam. Webiste:\u00a0https:\/\/shopbanquyen.net Hotline: 0796.320.928 (Zalo) Ch\u00fang t\u00f4i t\u1ef1 h\u00e0o l\u00e0 nh\u00e0 ph\u00e2n ph\u1ed1i c\u00e1c s\u1ea3n ph\u1ea9m b\u1ea3n quy\u1ec1n Windows, Windows Server, Office, Di\u1ec7t...\" \/>\n<meta property=\"og:url\" content=\"https:\/\/shopbanquyen.net\/lic\/lien-he\/\" \/>\n<meta property=\"og:site_name\" content=\"Shop Key b\u1ea3n quy\u1ec1n gi\u00e1 s\u1ec9\" \/>\n<meta property=\"article:modified_time\" content=\"2026-01-07T01:47:27+00:00\" \/>\n<meta name=\"twitter:card\" content=\"summary_large_image\" \/>\n<meta name=\"twitter:label1\" content=\"\u01af\u1edbc t\u00ednh th\u1eddi gian \u0111\u1ecdc\" \/>\n\t<meta name=\"twitter:data1\" content=\"1 ph\u00fat\" \/>\n<script type=\"application\/ld+json\" class=\"yoast-schema-graph\">{\"@context\":\"https:\/\/schema.org\",\"@graph\":[{\"@type\":\"WebPage\",\"@id\":\"https:\/\/shopbanquyen.net\/lic\/lien-he\/\",\"url\":\"https:\/\/shopbanquyen.net\/lic\/lien-he\/\",\"name\":\"Li\u00ean h\u1ec7 - Shop Key b\u1ea3n quy\u1ec1n gi\u00e1 s\u1ec9\",\"isPartOf\":{\"@id\":\"https:\/\/shopbanquyen.net\/lic\/#website\"},\"datePublished\":\"2023-02-11T09:48:59+00:00\",\"dateModified\":\"2026-01-07T01:47:27+00:00\",\"breadcrumb\":{\"@id\":\"https:\/\/shopbanquyen.net\/lic\/lien-he\/#breadcrumb\"},\"inLanguage\":\"vi\",\"potentialAction\":[{\"@type\":\"ReadAction\",\"target\":[\"https:\/\/shopbanquyen.net\/lic\/lien-he\/\"]}]},{\"@type\":\"BreadcrumbList\",\"@id\":\"https:\/\/shopbanquyen.net\/lic\/lien-he\/#breadcrumb\",\"itemListElement\":[{\"@type\":\"ListItem\",\"position\":1,\"name\":\"Trang ch\u1ee7\",\"item\":\"https:\/\/shopbanquyen.net\/lic\/\"},{\"@type\":\"ListItem\",\"position\":2,\"name\":\"Li\u00ean h\u1ec7\"}]},{\"@type\":\"WebSite\",\"@id\":\"https:\/\/shopbanquyen.net\/lic\/#website\",\"url\":\"https:\/\/shopbanquyen.net\/lic\/\",\"name\":\"Shop Key b\u1ea3n quy\u1ec1n gi\u00e1 s\u1ec9\",\"description\":\"\u2705 Cung c\u1ea5p KEY Windows 11, 10, 8.1, 7, key Office 2021, 2019, 2016, 2013, 2010 \u2705 Key windows Server 2012, 2016, 2019, 2022 \u2705 key ph\u1ea7n m\u1ec1m di\u1ec7t virus Kaspersky gi\u00e1 s\u1ec9 r\u1ebb nh\u1ea5t to\u00e0n qu\u1ed1c. \u1ed4n \u0111\u1ecbnh gi\u00e1 ch\u1ec9 t\u1eeb 90k. Mua key b\u1ea3n quy\u1ec1n \u1edf \u0111\u00e2u uy t\u00edn gi\u00e1 r\u1ebb t\u1ea1i shopbanquyen.net\",\"publisher\":{\"@id\":\"https:\/\/shopbanquyen.net\/lic\/#\/schema\/person\/5bc8ac16331f90b449d610535f16bbe3\"},\"potentialAction\":[{\"@type\":\"SearchAction\",\"target\":{\"@type\":\"EntryPoint\",\"urlTemplate\":\"https:\/\/shopbanquyen.net\/lic\/?s={search_term_string}\"},\"query-input\":{\"@type\":\"PropertyValueSpecification\",\"valueRequired\":true,\"valueName\":\"search_term_string\"}}],\"inLanguage\":\"vi\"},{\"@type\":[\"Person\",\"Organization\"],\"@id\":\"https:\/\/shopbanquyen.net\/lic\/#\/schema\/person\/5bc8ac16331f90b449d610535f16bbe3\",\"name\":\"admin\",\"image\":{\"@type\":\"ImageObject\",\"inLanguage\":\"vi\",\"@id\":\"https:\/\/shopbanquyen.net\/lic\/#\/schema\/person\/image\/\",\"url\":\"https:\/\/shopbanquyen.net\/lic\/wp-content\/uploads\/2023\/03\/yellow-key-5a5d2aced92b090036cbe805-1.png\",\"contentUrl\":\"https:\/\/shopbanquyen.net\/lic\/wp-content\/uploads\/2023\/03\/yellow-key-5a5d2aced92b090036cbe805-1.png\",\"width\":768,\"height\":512,\"caption\":\"admin\"},\"logo\":{\"@id\":\"https:\/\/shopbanquyen.net\/lic\/#\/schema\/person\/image\/\"}}]}<\/script>\n<!-- \/ Yoast SEO plugin. -->","yoast_head_json":{"title":"Li\u00ean h\u1ec7 - Shop Key b\u1ea3n quy\u1ec1n gi\u00e1 s\u1ec9","robots":{"index":"index","follow":"follow","max-snippet":"max-snippet:-1","max-image-preview":"max-image-preview:large","max-video-preview":"max-video-preview:-1"},"canonical":"https:\/\/shopbanquyen.net\/lic\/lien-he\/","og_locale":"vi_VN","og_type":"article","og_title":"Li\u00ean h\u1ec7 - Shop Key b\u1ea3n quy\u1ec1n gi\u00e1 s\u1ec9","og_description":"Th\u00f4ng tin li\u00ean h\u1ec7 Tr\u1ee5 s\u1edf ch\u00ednh C\u00d4NG TY TNHH NEXTTECH GROUP VI\u1ec6T NAM \u0110\u1ecba ch\u1ec9: 25\/74, \u0110\u01b0\u1eddng TL 19, Khu Ph\u1ed1 3B, Ph\u01b0\u1eddng An Ph\u00fa \u0110\u00f4ng, TP H\u1ed3 Ch\u00ed Minh, Vi\u1ec7t Nam. Webiste:\u00a0https:\/\/shopbanquyen.net Hotline: 0796.320.928 (Zalo) Ch\u00fang t\u00f4i t\u1ef1 h\u00e0o l\u00e0 nh\u00e0 ph\u00e2n ph\u1ed1i c\u00e1c s\u1ea3n ph\u1ea9m b\u1ea3n quy\u1ec1n Windows, Windows Server, Office, Di\u1ec7t...","og_url":"https:\/\/shopbanquyen.net\/lic\/lien-he\/","og_site_name":"Shop Key b\u1ea3n quy\u1ec1n gi\u00e1 s\u1ec9","article_modified_time":"2026-01-07T01:47:27+00:00","twitter_card":"summary_large_image","twitter_misc":{"\u01af\u1edbc t\u00ednh th\u1eddi gian \u0111\u1ecdc":"1 ph\u00fat"},"schema":{"@context":"https:\/\/schema.org","@graph":[{"@type":"WebPage","@id":"https:\/\/shopbanquyen.net\/lic\/lien-he\/","url":"https:\/\/shopbanquyen.net\/lic\/lien-he\/","name":"Li\u00ean h\u1ec7 - Shop Key b\u1ea3n quy\u1ec1n gi\u00e1 s\u1ec9","isPartOf":{"@id":"https:\/\/shopbanquyen.net\/lic\/#website"},"datePublished":"2023-02-11T09:48:59+00:00","dateModified":"2026-01-07T01:47:27+00:00","breadcrumb":{"@id":"https:\/\/shopbanquyen.net\/lic\/lien-he\/#breadcrumb"},"inLanguage":"vi","potentialAction":[{"@type":"ReadAction","target":["https:\/\/shopbanquyen.net\/lic\/lien-he\/"]}]},{"@type":"BreadcrumbList","@id":"https:\/\/shopbanquyen.net\/lic\/lien-he\/#breadcrumb","itemListElement":[{"@type":"ListItem","position":1,"name":"Trang ch\u1ee7","item":"https:\/\/shopbanquyen.net\/lic\/"},{"@type":"ListItem","position":2,"name":"Li\u00ean h\u1ec7"}]},{"@type":"WebSite","@id":"https:\/\/shopbanquyen.net\/lic\/#website","url":"https:\/\/shopbanquyen.net\/lic\/","name":"Shop Key b\u1ea3n quy\u1ec1n gi\u00e1 s\u1ec9","description":"\u2705 Cung c\u1ea5p KEY Windows 11, 10, 8.1, 7, key Office 2021, 2019, 2016, 2013, 2010 \u2705 Key windows Server 2012, 2016, 2019, 2022 \u2705 key ph\u1ea7n m\u1ec1m di\u1ec7t virus Kaspersky gi\u00e1 s\u1ec9 r\u1ebb nh\u1ea5t to\u00e0n qu\u1ed1c. \u1ed4n \u0111\u1ecbnh gi\u00e1 ch\u1ec9 t\u1eeb 90k. Mua key b\u1ea3n quy\u1ec1n \u1edf \u0111\u00e2u uy t\u00edn gi\u00e1 r\u1ebb t\u1ea1i shopbanquyen.net","publisher":{"@id":"https:\/\/shopbanquyen.net\/lic\/#\/schema\/person\/5bc8ac16331f90b449d610535f16bbe3"},"potentialAction":[{"@type":"SearchAction","target":{"@type":"EntryPoint","urlTemplate":"https:\/\/shopbanquyen.net\/lic\/?s={search_term_string}"},"query-input":{"@type":"PropertyValueSpecification","valueRequired":true,"valueName":"search_term_string"}}],"inLanguage":"vi"},{"@type":["Person","Organization"],"@id":"https:\/\/shopbanquyen.net\/lic\/#\/schema\/person\/5bc8ac16331f90b449d610535f16bbe3","name":"admin","image":{"@type":"ImageObject","inLanguage":"vi","@id":"https:\/\/shopbanquyen.net\/lic\/#\/schema\/person\/image\/","url":"https:\/\/shopbanquyen.net\/lic\/wp-content\/uploads\/2023\/03\/yellow-key-5a5d2aced92b090036cbe805-1.png","contentUrl":"https:\/\/shopbanquyen.net\/lic\/wp-content\/uploads\/2023\/03\/yellow-key-5a5d2aced92b090036cbe805-1.png","width":768,"height":512,"caption":"admin"},"logo":{"@id":"https:\/\/shopbanquyen.net\/lic\/#\/schema\/person\/image\/"}}]}},"_links":{"self":[{"href":"https:\/\/shopbanquyen.net\/lic\/wp-json\/wp\/v2\/pages\/15"}],"collection":[{"href":"https:\/\/shopbanquyen.net\/lic\/wp-json\/wp\/v2\/pages"}],"about":[{"href":"https:\/\/shopbanquyen.net\/lic\/wp-json\/wp\/v2\/types\/page"}],"author":[{"embeddable":true,"href":"https:\/\/shopbanquyen.net\/lic\/wp-json\/wp\/v2\/users\/1"}],"replies":[{"embeddable":true,"href":"https:\/\/shopbanquyen.net\/lic\/wp-json\/wp\/v2\/comments?post=15"}],"version-history":[{"count":19,"href":"https:\/\/shopbanquyen.net\/lic\/wp-json\/wp\/v2\/pages\/15\/revisions"}],"predecessor-version":[{"id":2453,"href":"https:\/\/shopbanquyen.net\/lic\/wp-json\/wp\/v2\/pages\/15\/revisions\/2453"}],"wp:attachment":[{"href":"https:\/\/shopbanquyen.net\/lic\/wp-json\/wp\/v2\/media?parent=15"}],"curies":[{"name":"wp","href":"https:\/\/api.w.org\/{rel}","templated":true}]}}