{"id":1242,"date":"2024-05-25T22:49:15","date_gmt":"2024-05-25T15:49:15","guid":{"rendered":"https:\/\/shopbanquyen.net\/lic\/?page_id=1242"},"modified":"2025-01-27T22:35:02","modified_gmt":"2025-01-27T15:35:02","slug":"chinh-sach-hoan-tien","status":"publish","type":"page","link":"https:\/\/shopbanquyen.net\/lic\/chinh-sach-hoan-tien\/","title":{"rendered":"CH\u00cdNH S\u00c1CH HO\u00c0N TI\u1ec0N"},"content":{"rendered":"<h1><strong>CH\u00cdNH S\u00c1CH HO\u00c0N TI\u1ec0N<\/strong><\/h1>\n<p><span style=\"font-size: 110%; color: #000000;\">Ho\u00e0n ti\u1ec1n cho kh\u00e1ch h\u00e0ng l\u00e0 \u0111i\u1ec1u ch\u00fang t\u00f4i kh\u00f4ng h\u1ec1 mong mu\u1ed1n. Tuy nhi\u00ean, s\u1ef1 h\u00e0i l\u00f2ng c\u1ee7a kh\u00e1ch h\u00e0ng l\u00e0 \u01b0u ti\u00ean h\u00e0ng \u0111\u1ea7u c\u1ee7a ch\u00fang t\u00f4i.<\/span><\/p>\n<p><span style=\"font-size: 110%; color: #000000;\">Ch\u00fang t\u00f4i s\u1ebd th\u1ef1c hi\u1ec7n ch\u00ednh s\u00e1ch <span style=\"color: #0000ff;\"><strong>ho\u00e0n ti\u1ec1n 100% \u0111\u1ed1i v\u1edbi c\u00e1c s\u1ea3n ph\u1ea9m<\/strong><\/span> kh\u00f4ng th\u1ec3 ho\u1ea1t \u0111\u1ed9ng ho\u1eb7c kh\u00f4ng th\u1ec3 k\u00edch ho\u1ea1t \u0111\u01b0\u1ee3c.<\/span><\/p>\n<p><span style=\"font-size: 110%; color: #000000;\">Sau khi ti\u1ebfp nh\u1eadn th\u00f4ng tin ho\u00e0n ti\u1ec1n, ch\u00fang t\u00f4i s\u1ebd ki\u1ec3m tra chi ti\u1ebft c\u00e1c s\u1ea3n ph\u1ea9m. N\u1ebfu s\u1ea3n ph\u1ea9m b\u1ecb l\u1ed7i ho\u1eb7c kh\u00f4ng ho\u1ea1t \u0111\u1ed9ng, ch\u00fang t\u00f4i s\u1ebd <strong><span style=\"color: #ff0000;\">ho\u00e0n l\u1ea1i 100% s\u1ed1 ti\u1ec1n qu\u00fd kh\u00e1ch \u0111\u00e3 thanh to\u00e1n<\/span><\/strong>.<\/span><\/p>\n<p><span style=\"text-decoration: underline; color: #0000ff;\"><strong><span style=\"font-size: 110%;\">Th\u1eddi gian ho\u00e0n ti\u1ec1n:<\/span><\/strong><\/span><\/p>\n<ol>\n<li><span style=\"font-size: 110%; color: #000000;\"><span style=\"color: #800000; background-color: #ffffff;\"><strong>V\u1edbi s\u1ea3n ph\u1ea9m giao h\u00e0ng t\u1ea1i nh\u00e0 (COD): <span style=\"color: #0000ff;\">Th\u1eddi gian ho\u00e0n ti\u1ec1n l\u00e0 7 ng\u00e0y<\/span><\/strong><\/span> sau khi \u0111\u01a1n h\u00e0ng \u0111\u1ebfn tay ng\u01b0\u1eddi d\u00f9ng.<\/span><\/li>\n<li><span style=\"font-size: 110%; color: #000000;\"><span style=\"color: #800000; background-color: #ffffff;\"><strong>V\u1edbi s\u1ea3n ph\u1ea9m nh\u1eadn h\u00e0ng Online (Email)<\/strong><\/span><\/span>: <span style=\"font-size: 110%; color: #000000;\"><span style=\"color: #800000; background-color: #ffffff;\"><strong><span style=\"color: #0000ff;\">Th\u1eddi<\/span><\/strong><\/span><\/span><span style=\"font-size: 110%; color: #000000;\"><span style=\"color: #800000; background-color: #ffffff;\"><strong><span style=\"color: #0000ff;\">\u00a0gian ho\u00e0n ti\u1ec1n l\u00e0 2 ng\u00e0y<\/span><\/strong><\/span> sau khi \u0111\u01a1n h\u00e0ng \u0111\u1ebfn tay ng\u01b0\u1eddi d\u00f9ng.<\/span><\/li>\n<\/ol>\n<p><span style=\"font-size: 110%; color: #000000;\">Khi c\u1ea7n h\u1ed7 tr\u1ee3, qu\u00fd kh\u00e1ch vui l\u00f2ng li\u00ean h\u1ec7 v\u1edbi ch\u00fang t\u00f4i qua S\u1ed1 \u0111i\u1ec7n tho\u1ea1i ho\u1eb7c <span style=\"color: #ff0000;\"><strong>Zalo 0796.320.928<\/strong><\/span><\/span><\/p>\n<p><span style=\"text-decoration: underline; color: #0000ff;\"><strong><span style=\"font-size: 110%;\">L\u01b0u \u00fd:<\/span><\/strong><\/span><\/p>\n<p><span style=\"font-size: 110%; color: #000000;\">V\u00ec c\u00e1c s\u1ea3n ph\u1ea9m mang t\u00ednh ch\u1ea5t \u201c<span style=\"color: #800000;\"><strong>K\u1ef9 thu\u1eadt s\u1ed1<\/strong><\/span>\u201d n\u00ean ch\u00fang t\u00f4i ch\u1ec9 ch\u1ea5p nh\u1eadn \u0111\u1ed5i, tr\u1ea3 ho\u1eb7c ho\u00e0n ti\u1ec1n cho c\u00e1c s\u1ea3n ph\u1ea9m n\u1ebfu n\u00f3 <span style=\"color: #ff0000;\"><strong>b\u1ecb l\u1ed7i ho\u1eb7c kh\u00f4ng ho\u1ea1t \u0111\u1ed9ng<\/strong><\/span>. Ch\u00fang t\u00f4i s\u1ebd t\u1eeb ch\u1ed1i \u0111\u1ed5i, tr\u1ea3 ho\u1eb7c ho\u00e0n ti\u1ec1n v\u1edbi c\u00e1c l\u00fd do kh\u00e1c \u0111\u1ebfn t\u1eeb kh\u00e1ch h\u00e0ng.<\/span><\/p>\n<p><strong><span style=\"font-size: 110%; color: #000000;\">Shop B\u1ea3n Quy\u1ec1n lu\u00f4n cung c\u1ea5p s\u1ea3n ph\u1ea9m ch\u1ea5t l\u01b0\u1ee3ng nh\u1ea5t<\/span><\/strong><\/p>\n","protected":false},"excerpt":{"rendered":"<p>CH\u00cdNH S\u00c1CH HO\u00c0N TI\u1ec0N Ho\u00e0n ti\u1ec1n cho kh\u00e1ch h\u00e0ng l\u00e0 \u0111i\u1ec1u ch\u00fang t\u00f4i kh\u00f4ng h\u1ec1 mong mu\u1ed1n. Tuy nhi\u00ean, s\u1ef1 h\u00e0i l\u00f2ng c\u1ee7a kh\u00e1ch h\u00e0ng l\u00e0 \u01b0u ti\u00ean h\u00e0ng \u0111\u1ea7u c\u1ee7a ch\u00fang t\u00f4i. Ch\u00fang t\u00f4i s\u1ebd th\u1ef1c hi\u1ec7n ch\u00ednh s\u00e1ch ho\u00e0n ti\u1ec1n 100% \u0111\u1ed1i v\u1edbi c\u00e1c s\u1ea3n ph\u1ea9m kh\u00f4ng th\u1ec3 ho\u1ea1t \u0111\u1ed9ng ho\u1eb7c kh\u00f4ng th\u1ec3&#8230;<\/p>\n","protected":false},"author":2,"featured_media":0,"parent":0,"menu_order":0,"comment_status":"closed","ping_status":"closed","template":"","meta":{"_sitemap_exclude":false,"_sitemap_priority":"","_sitemap_frequency":"","footnotes":""},"yoast_head":"<!-- This site is optimized with the Yoast SEO plugin v24.5 - https:\/\/yoast.com\/wordpress\/plugins\/seo\/ -->\n<title>CH\u00cdNH S\u00c1CH HO\u00c0N TI\u1ec0N - Shop Key b\u1ea3n quy\u1ec1n gi\u00e1 s\u1ec9<\/title>\n<meta name=\"robots\" content=\"index, follow, max-snippet:-1, max-image-preview:large, max-video-preview:-1\" \/>\n<link rel=\"canonical\" href=\"https:\/\/shopbanquyen.net\/lic\/chinh-sach-hoan-tien\/\" \/>\n<meta property=\"og:locale\" content=\"vi_VN\" \/>\n<meta property=\"og:type\" content=\"article\" \/>\n<meta property=\"og:title\" content=\"CH\u00cdNH S\u00c1CH HO\u00c0N TI\u1ec0N - Shop Key b\u1ea3n quy\u1ec1n gi\u00e1 s\u1ec9\" \/>\n<meta property=\"og:description\" content=\"CH\u00cdNH S\u00c1CH HO\u00c0N TI\u1ec0N Ho\u00e0n ti\u1ec1n cho kh\u00e1ch h\u00e0ng l\u00e0 \u0111i\u1ec1u ch\u00fang t\u00f4i kh\u00f4ng h\u1ec1 mong mu\u1ed1n. Tuy nhi\u00ean, s\u1ef1 h\u00e0i l\u00f2ng c\u1ee7a kh\u00e1ch h\u00e0ng l\u00e0 \u01b0u ti\u00ean h\u00e0ng \u0111\u1ea7u c\u1ee7a ch\u00fang t\u00f4i. Ch\u00fang t\u00f4i s\u1ebd th\u1ef1c hi\u1ec7n ch\u00ednh s\u00e1ch ho\u00e0n ti\u1ec1n 100% \u0111\u1ed1i v\u1edbi c\u00e1c s\u1ea3n ph\u1ea9m kh\u00f4ng th\u1ec3 ho\u1ea1t \u0111\u1ed9ng ho\u1eb7c kh\u00f4ng th\u1ec3...\" \/>\n<meta property=\"og:url\" content=\"https:\/\/shopbanquyen.net\/lic\/chinh-sach-hoan-tien\/\" \/>\n<meta property=\"og:site_name\" content=\"Shop Key b\u1ea3n quy\u1ec1n gi\u00e1 s\u1ec9\" \/>\n<meta property=\"article:modified_time\" content=\"2025-01-27T15:35:02+00:00\" \/>\n<meta name=\"twitter:card\" content=\"summary_large_image\" \/>\n<meta name=\"twitter:label1\" content=\"\u01af\u1edbc t\u00ednh th\u1eddi gian \u0111\u1ecdc\" \/>\n\t<meta name=\"twitter:data1\" content=\"2 ph\u00fat\" \/>\n<script type=\"application\/ld+json\" class=\"yoast-schema-graph\">{\"@context\":\"https:\/\/schema.org\",\"@graph\":[{\"@type\":\"WebPage\",\"@id\":\"https:\/\/shopbanquyen.net\/lic\/chinh-sach-hoan-tien\/\",\"url\":\"https:\/\/shopbanquyen.net\/lic\/chinh-sach-hoan-tien\/\",\"name\":\"CH\u00cdNH S\u00c1CH HO\u00c0N TI\u1ec0N - Shop Key b\u1ea3n quy\u1ec1n gi\u00e1 s\u1ec9\",\"isPartOf\":{\"@id\":\"https:\/\/shopbanquyen.net\/lic\/#website\"},\"datePublished\":\"2024-05-25T15:49:15+00:00\",\"dateModified\":\"2025-01-27T15:35:02+00:00\",\"breadcrumb\":{\"@id\":\"https:\/\/shopbanquyen.net\/lic\/chinh-sach-hoan-tien\/#breadcrumb\"},\"inLanguage\":\"vi\",\"potentialAction\":[{\"@type\":\"ReadAction\",\"target\":[\"https:\/\/shopbanquyen.net\/lic\/chinh-sach-hoan-tien\/\"]}]},{\"@type\":\"BreadcrumbList\",\"@id\":\"https:\/\/shopbanquyen.net\/lic\/chinh-sach-hoan-tien\/#breadcrumb\",\"itemListElement\":[{\"@type\":\"ListItem\",\"position\":1,\"name\":\"Trang ch\u1ee7\",\"item\":\"https:\/\/shopbanquyen.net\/lic\/\"},{\"@type\":\"ListItem\",\"position\":2,\"name\":\"CH\u00cdNH S\u00c1CH HO\u00c0N TI\u1ec0N\"}]},{\"@type\":\"WebSite\",\"@id\":\"https:\/\/shopbanquyen.net\/lic\/#website\",\"url\":\"https:\/\/shopbanquyen.net\/lic\/\",\"name\":\"Shop Key b\u1ea3n quy\u1ec1n gi\u00e1 s\u1ec9\",\"description\":\"\u2705 Cung c\u1ea5p KEY Windows 11, 10, 8.1, 7, key Office 2021, 2019, 2016, 2013, 2010 \u2705 Key windows Server 2012, 2016, 2019, 2022 \u2705 key ph\u1ea7n m\u1ec1m di\u1ec7t virus Kaspersky gi\u00e1 s\u1ec9 r\u1ebb nh\u1ea5t to\u00e0n qu\u1ed1c. \u1ed4n \u0111\u1ecbnh gi\u00e1 ch\u1ec9 t\u1eeb 90k. Mua key b\u1ea3n quy\u1ec1n \u1edf \u0111\u00e2u uy t\u00edn gi\u00e1 r\u1ebb t\u1ea1i shopbanquyen.net\",\"publisher\":{\"@id\":\"https:\/\/shopbanquyen.net\/lic\/#\/schema\/person\/5bc8ac16331f90b449d610535f16bbe3\"},\"potentialAction\":[{\"@type\":\"SearchAction\",\"target\":{\"@type\":\"EntryPoint\",\"urlTemplate\":\"https:\/\/shopbanquyen.net\/lic\/?s={search_term_string}\"},\"query-input\":{\"@type\":\"PropertyValueSpecification\",\"valueRequired\":true,\"valueName\":\"search_term_string\"}}],\"inLanguage\":\"vi\"},{\"@type\":[\"Person\",\"Organization\"],\"@id\":\"https:\/\/shopbanquyen.net\/lic\/#\/schema\/person\/5bc8ac16331f90b449d610535f16bbe3\",\"name\":\"admin\",\"image\":{\"@type\":\"ImageObject\",\"inLanguage\":\"vi\",\"@id\":\"https:\/\/shopbanquyen.net\/lic\/#\/schema\/person\/image\/\",\"url\":\"https:\/\/shopbanquyen.net\/lic\/wp-content\/uploads\/2023\/03\/yellow-key-5a5d2aced92b090036cbe805-1.png\",\"contentUrl\":\"https:\/\/shopbanquyen.net\/lic\/wp-content\/uploads\/2023\/03\/yellow-key-5a5d2aced92b090036cbe805-1.png\",\"width\":768,\"height\":512,\"caption\":\"admin\"},\"logo\":{\"@id\":\"https:\/\/shopbanquyen.net\/lic\/#\/schema\/person\/image\/\"}}]}<\/script>\n<!-- \/ Yoast SEO plugin. -->","yoast_head_json":{"title":"CH\u00cdNH S\u00c1CH HO\u00c0N TI\u1ec0N - Shop Key b\u1ea3n quy\u1ec1n gi\u00e1 s\u1ec9","robots":{"index":"index","follow":"follow","max-snippet":"max-snippet:-1","max-image-preview":"max-image-preview:large","max-video-preview":"max-video-preview:-1"},"canonical":"https:\/\/shopbanquyen.net\/lic\/chinh-sach-hoan-tien\/","og_locale":"vi_VN","og_type":"article","og_title":"CH\u00cdNH S\u00c1CH HO\u00c0N TI\u1ec0N - Shop Key b\u1ea3n quy\u1ec1n gi\u00e1 s\u1ec9","og_description":"CH\u00cdNH S\u00c1CH HO\u00c0N TI\u1ec0N Ho\u00e0n ti\u1ec1n cho kh\u00e1ch h\u00e0ng l\u00e0 \u0111i\u1ec1u ch\u00fang t\u00f4i kh\u00f4ng h\u1ec1 mong mu\u1ed1n. Tuy nhi\u00ean, s\u1ef1 h\u00e0i l\u00f2ng c\u1ee7a kh\u00e1ch h\u00e0ng l\u00e0 \u01b0u ti\u00ean h\u00e0ng \u0111\u1ea7u c\u1ee7a ch\u00fang t\u00f4i. Ch\u00fang t\u00f4i s\u1ebd th\u1ef1c hi\u1ec7n ch\u00ednh s\u00e1ch ho\u00e0n ti\u1ec1n 100% \u0111\u1ed1i v\u1edbi c\u00e1c s\u1ea3n ph\u1ea9m kh\u00f4ng th\u1ec3 ho\u1ea1t \u0111\u1ed9ng ho\u1eb7c kh\u00f4ng th\u1ec3...","og_url":"https:\/\/shopbanquyen.net\/lic\/chinh-sach-hoan-tien\/","og_site_name":"Shop Key b\u1ea3n quy\u1ec1n gi\u00e1 s\u1ec9","article_modified_time":"2025-01-27T15:35:02+00:00","twitter_card":"summary_large_image","twitter_misc":{"\u01af\u1edbc t\u00ednh th\u1eddi gian \u0111\u1ecdc":"2 ph\u00fat"},"schema":{"@context":"https:\/\/schema.org","@graph":[{"@type":"WebPage","@id":"https:\/\/shopbanquyen.net\/lic\/chinh-sach-hoan-tien\/","url":"https:\/\/shopbanquyen.net\/lic\/chinh-sach-hoan-tien\/","name":"CH\u00cdNH S\u00c1CH HO\u00c0N TI\u1ec0N - Shop Key b\u1ea3n quy\u1ec1n gi\u00e1 s\u1ec9","isPartOf":{"@id":"https:\/\/shopbanquyen.net\/lic\/#website"},"datePublished":"2024-05-25T15:49:15+00:00","dateModified":"2025-01-27T15:35:02+00:00","breadcrumb":{"@id":"https:\/\/shopbanquyen.net\/lic\/chinh-sach-hoan-tien\/#breadcrumb"},"inLanguage":"vi","potentialAction":[{"@type":"ReadAction","target":["https:\/\/shopbanquyen.net\/lic\/chinh-sach-hoan-tien\/"]}]},{"@type":"BreadcrumbList","@id":"https:\/\/shopbanquyen.net\/lic\/chinh-sach-hoan-tien\/#breadcrumb","itemListElement":[{"@type":"ListItem","position":1,"name":"Trang ch\u1ee7","item":"https:\/\/shopbanquyen.net\/lic\/"},{"@type":"ListItem","position":2,"name":"CH\u00cdNH S\u00c1CH HO\u00c0N TI\u1ec0N"}]},{"@type":"WebSite","@id":"https:\/\/shopbanquyen.net\/lic\/#website","url":"https:\/\/shopbanquyen.net\/lic\/","name":"Shop Key b\u1ea3n quy\u1ec1n gi\u00e1 s\u1ec9","description":"\u2705 Cung c\u1ea5p KEY Windows 11, 10, 8.1, 7, key Office 2021, 2019, 2016, 2013, 2010 \u2705 Key windows Server 2012, 2016, 2019, 2022 \u2705 key ph\u1ea7n m\u1ec1m di\u1ec7t virus Kaspersky gi\u00e1 s\u1ec9 r\u1ebb nh\u1ea5t to\u00e0n qu\u1ed1c. \u1ed4n \u0111\u1ecbnh gi\u00e1 ch\u1ec9 t\u1eeb 90k. Mua key b\u1ea3n quy\u1ec1n \u1edf \u0111\u00e2u uy t\u00edn gi\u00e1 r\u1ebb t\u1ea1i shopbanquyen.net","publisher":{"@id":"https:\/\/shopbanquyen.net\/lic\/#\/schema\/person\/5bc8ac16331f90b449d610535f16bbe3"},"potentialAction":[{"@type":"SearchAction","target":{"@type":"EntryPoint","urlTemplate":"https:\/\/shopbanquyen.net\/lic\/?s={search_term_string}"},"query-input":{"@type":"PropertyValueSpecification","valueRequired":true,"valueName":"search_term_string"}}],"inLanguage":"vi"},{"@type":["Person","Organization"],"@id":"https:\/\/shopbanquyen.net\/lic\/#\/schema\/person\/5bc8ac16331f90b449d610535f16bbe3","name":"admin","image":{"@type":"ImageObject","inLanguage":"vi","@id":"https:\/\/shopbanquyen.net\/lic\/#\/schema\/person\/image\/","url":"https:\/\/shopbanquyen.net\/lic\/wp-content\/uploads\/2023\/03\/yellow-key-5a5d2aced92b090036cbe805-1.png","contentUrl":"https:\/\/shopbanquyen.net\/lic\/wp-content\/uploads\/2023\/03\/yellow-key-5a5d2aced92b090036cbe805-1.png","width":768,"height":512,"caption":"admin"},"logo":{"@id":"https:\/\/shopbanquyen.net\/lic\/#\/schema\/person\/image\/"}}]}},"_links":{"self":[{"href":"https:\/\/shopbanquyen.net\/lic\/wp-json\/wp\/v2\/pages\/1242"}],"collection":[{"href":"https:\/\/shopbanquyen.net\/lic\/wp-json\/wp\/v2\/pages"}],"about":[{"href":"https:\/\/shopbanquyen.net\/lic\/wp-json\/wp\/v2\/types\/page"}],"author":[{"embeddable":true,"href":"https:\/\/shopbanquyen.net\/lic\/wp-json\/wp\/v2\/users\/2"}],"replies":[{"embeddable":true,"href":"https:\/\/shopbanquyen.net\/lic\/wp-json\/wp\/v2\/comments?post=1242"}],"version-history":[{"count":7,"href":"https:\/\/shopbanquyen.net\/lic\/wp-json\/wp\/v2\/pages\/1242\/revisions"}],"predecessor-version":[{"id":1591,"href":"https:\/\/shopbanquyen.net\/lic\/wp-json\/wp\/v2\/pages\/1242\/revisions\/1591"}],"wp:attachment":[{"href":"https:\/\/shopbanquyen.net\/lic\/wp-json\/wp\/v2\/media?parent=1242"}],"curies":[{"name":"wp","href":"https:\/\/api.w.org\/{rel}","templated":true}]}}